{"id":840,"date":"2017-12-07T12:41:13","date_gmt":"2017-12-07T12:41:13","guid":{"rendered":"http:\/\/go.sub-automotive.de\/?page_id=840"},"modified":"2024-07-08T10:37:11","modified_gmt":"2024-07-08T08:37:11","slug":"historie-sub-automotive-engineering-2","status":"publish","type":"page","link":"https:\/\/www.sub-automotive.de\/en\/historie-sub-automotive-engineering-2","title":{"rendered":"History"},"content":{"rendered":"[et_pb_section fb_built=&#8220;1&#8243; fullwidth=&#8220;on&#8220; _builder_version=&#8220;3.22&#8243;][et_pb_fullwidth_image src=&#8220;http:\/\/www.sub-automotive.de\/wp-content\/uploads\/2020\/10\/SB-Team.jpg&#8220; alt=&#8220;S&#038;B Team&#8220; title_text=&#8220;S&#038;B-Team&#8220; _builder_version=&#8220;4.6.6&#8243;][\/et_pb_fullwidth_image][\/et_pb_section][et_pb_section fb_built=&#8220;1&#8243; specialty=&#8220;on&#8220; _builder_version=&#8220;4.6.6&#8243; _module_preset=&#8220;default&#8220;][et_pb_column type=&#8220;1_4&#8243; _builder_version=&#8220;3.25&#8243; custom_padding=&#8220;|||&#8220; custom_padding__hover=&#8220;|||&#8220;][et_pb_text _builder_version=&#8220;4.6.6&#8243; _module_preset=&#8220;default&#8220; text_font=&#8220;Open Sans||||||||&#8220; text_font_size=&#8220;22px&#8220; header_font=&#8220;Open Sans||||||||&#8220;]<h1><strong>INNOVATIV THINKING, ACT HOLISTICALLY<\/strong><\/h1>[\/et_pb_text][\/et_pb_column][et_pb_column type=&#8220;3_4&#8243; specialty_columns=&#8220;3&#8243; _builder_version=&#8220;3.25&#8243; custom_padding=&#8220;|||&#8220; custom_padding__hover=&#8220;|||&#8220;][et_pb_row_inner _builder_version=&#8220;4.6.6&#8243; _module_preset=&#8220;default&#8220;][et_pb_column_inner saved_specialty_column_type=&#8220;3_4&#8243; _builder_version=&#8220;4.6.6&#8243; _module_preset=&#8220;default&#8220;][et_pb_blurb title=&#8220;2005 &#8211; Firmengr\u00fcndung&#8220; _builder_version=&#8220;4.6.6&#8243; _module_preset=&#8220;default&#8220; header_font=&#8220;Open Sans|700|||||||&#8220; header_font_size=&#8220;22px&#8220; body_font=&#8220;Open Sans||||||||&#8220; body_line_height=&#8220;1.8em&#8220;]<p>After many years of successful co-operation, Gerd Sandmair and Michael B\u00f6hler founded S&amp;B Automotive Engineering GmbH &amp; Co. KG.<\/p>[\/et_pb_blurb][\/et_pb_column_inner][\/et_pb_row_inner][\/et_pb_column][\/et_pb_section][et_pb_section fb_built=&#8220;1&#8243; specialty=&#8220;on&#8220; _builder_version=&#8220;4.6.6&#8243; _module_preset=&#8220;default&#8220;][et_pb_column type=&#8220;1_4&#8243; _builder_version=&#8220;3.25&#8243; custom_padding=&#8220;|||&#8220; custom_padding__hover=&#8220;|||&#8220;][et_pb_text _builder_version=&#8220;4.6.6&#8243; _module_preset=&#8220;default&#8220; text_font=&#8220;Open Sans||||||||&#8220; text_font_size=&#8220;22px&#8220; header_font=&#8220;Open Sans||||||||&#8220;]<h1><strong>OBJECTIVE<br \/> <\/strong><\/h1>[\/et_pb_text][\/et_pb_column][et_pb_column type=&#8220;3_4&#8243; specialty_columns=&#8220;3&#8243; _builder_version=&#8220;3.25&#8243; custom_padding=&#8220;|||&#8220; custom_padding__hover=&#8220;|||&#8220;][et_pb_row_inner _builder_version=&#8220;4.6.6&#8243; _module_preset=&#8220;default&#8220;][et_pb_column_inner saved_specialty_column_type=&#8220;3_4&#8243; _builder_version=&#8220;4.6.6&#8243; _module_preset=&#8220;default&#8220;][et_pb_blurb _builder_version=&#8220;4.6.6&#8243; _module_preset=&#8220;default&#8220; header_font=&#8220;Open Sans|700|||||||&#8220; header_font_size=&#8220;22px&#8220; body_font=&#8220;Open Sans||||||||&#8220; body_line_height=&#8220;1.8em&#8220;]<p>They knew what they were setting out to do: expand their service portfolio and client base.\nAnd they were armed with a combined skill set including expertise in design and targeted customer orientation. Well aware of the problems car manufacturers were facing at the time, the two engineers from Friedberg put their innovative thinking and integral approach into delivering effective plant engineering solutions for the automotive industry.<\/p>[\/et_pb_blurb][\/et_pb_column_inner][\/et_pb_row_inner][\/et_pb_column][\/et_pb_section][et_pb_section fb_built=&#8220;1&#8243; specialty=&#8220;on&#8220; _builder_version=&#8220;4.6.6&#8243; _module_preset=&#8220;default&#8220;][et_pb_column type=&#8220;1_4&#8243; _builder_version=&#8220;3.25&#8243; custom_padding=&#8220;|||&#8220; custom_padding__hover=&#8220;|||&#8220;][et_pb_text _builder_version=&#8220;4.6.6&#8243; _module_preset=&#8220;default&#8220; text_font=&#8220;Open Sans||||||||&#8220; text_font_size=&#8220;22px&#8220; header_font=&#8220;Open Sans||||||||&#8220;]<h1><strong>FURTHER DEVELOPMENT<br \/><\/strong><\/h1>[\/et_pb_text][\/et_pb_column][et_pb_column type=&#8220;3_4&#8243; specialty_columns=&#8220;3&#8243; _builder_version=&#8220;3.25&#8243; custom_padding=&#8220;|||&#8220; custom_padding__hover=&#8220;|||&#8220;][et_pb_row_inner _builder_version=&#8220;4.6.6&#8243; _module_preset=&#8220;default&#8220;][et_pb_column_inner saved_specialty_column_type=&#8220;3_4&#8243; _builder_version=&#8220;4.6.6&#8243; _module_preset=&#8220;default&#8220;][et_pb_blurb _builder_version=&#8220;4.6.6&#8243; _module_preset=&#8220;default&#8220; header_font=&#8220;Open Sans|700|||||||&#8220; header_font_size=&#8220;22px&#8220; body_font=&#8220;Open Sans||||||||&#8220; body_line_height=&#8220;1.8em&#8220;]<p>Think innovatively, act holistically, deliver effective solutions! In plant construction for the automotive industry, S&amp;B is developing <a href=\"https:\/\/www.sub-automotive.de\/en\/konstruktion\/\">GERMAN ENGINEERING QUALITY<\/a> quickly becoming an important design and engineering partner for the automotive industry.<\/p>\n<p>The guiding principle of the management: Human acumen paired with the latest technology. Manufacturing plants are further optimized from a technical, economic and logistical point of view.<\/p>[\/et_pb_blurb][\/et_pb_column_inner][\/et_pb_row_inner][\/et_pb_column][\/et_pb_section][et_pb_section fb_built=&#8220;1&#8243; specialty=&#8220;on&#8220; _builder_version=&#8220;4.6.6&#8243; _module_preset=&#8220;default&#8220;][et_pb_column type=&#8220;1_4&#8243; _builder_version=&#8220;3.25&#8243; custom_padding=&#8220;|||&#8220; custom_padding__hover=&#8220;|||&#8220;][et_pb_text _builder_version=&#8220;4.6.6&#8243; _module_preset=&#8220;default&#8220; text_font=&#8220;Open Sans||||||||&#8220; text_font_size=&#8220;22px&#8220; header_font=&#8220;Open Sans||||||||&#8220; hover_enabled=&#8220;0&#8243; sticky_enabled=&#8220;0&#8243;]<h1><strong>SOLUTION FINDER  FROM FRIEDBERG<br \/><\/strong><\/h1>\n[\/et_pb_text][\/et_pb_column][et_pb_column type=&#8220;3_4&#8243; specialty_columns=&#8220;3&#8243; _builder_version=&#8220;3.25&#8243; custom_padding=&#8220;|||&#8220; custom_padding__hover=&#8220;|||&#8220;][et_pb_row_inner _builder_version=&#8220;4.6.6&#8243; _module_preset=&#8220;default&#8220;][et_pb_column_inner saved_specialty_column_type=&#8220;3_4&#8243; _builder_version=&#8220;4.6.6&#8243; _module_preset=&#8220;default&#8220;][et_pb_blurb title=&#8220;2007&#8243; _builder_version=&#8220;4.6.6&#8243; _module_preset=&#8220;default&#8220; header_font=&#8220;Open Sans|700|||||||&#8220; header_font_size=&#8220;22px&#8220; body_font=&#8220;Open Sans||||||||&#8220; body_line_height=&#8220;1.8em&#8220; hover_enabled=&#8220;0&#8243; sticky_enabled=&#8220;0&#8243;]<p>The first successful project for the automated production of solar modules is carried out in the core area of \u200b\u200bautomotive.<\/p>\n[\/et_pb_blurb][et_pb_blurb title=&#8220;2009&#8243; _builder_version=&#8220;4.6.6&#8243; _module_preset=&#8220;default&#8220; header_font=&#8220;Open Sans|700|||||||&#8220; header_font_size=&#8220;22px&#8220; body_font=&#8220;Open Sans||||||||&#8220; body_line_height=&#8220;1.8em&#8220;]<p>S&amp;B enters into the field of manufacturing equipment design in the aerospace sector, taking into account the special manufacturing methods for CFRP components.<\/p>[\/et_pb_blurb][et_pb_blurb title=&#8220;2010&#8243; _builder_version=&#8220;4.6.6&#8243; _module_preset=&#8220;default&#8220; header_font=&#8220;Open Sans|700|||||||&#8220; header_font_size=&#8220;22px&#8220; body_font=&#8220;Open Sans||||||||&#8220; body_line_height=&#8220;1.8em&#8220;]<p>CFRP components for the first time in the automotive sector. The new know-how comes into play immediately.<\/p>[\/et_pb_blurb][\/et_pb_column_inner][\/et_pb_row_inner][\/et_pb_column][\/et_pb_section][et_pb_section fb_built=&#8220;1&#8243; specialty=&#8220;on&#8220; _builder_version=&#8220;4.6.6&#8243; _module_preset=&#8220;default&#8220;][et_pb_column type=&#8220;1_4&#8243; _builder_version=&#8220;3.25&#8243; custom_padding=&#8220;|||&#8220; custom_padding__hover=&#8220;|||&#8220;][et_pb_text _builder_version=&#8220;4.6.6&#8243; _module_preset=&#8220;default&#8220; text_font=&#8220;Open Sans||||||||&#8220; text_font_size=&#8220;22px&#8220; header_font=&#8220;Open Sans||||||||&#8220; hover_enabled=&#8220;0&#8243; sticky_enabled=&#8220;0&#8243;]<h1><strong>NEW LEADERSHIP<br \/><\/strong><\/h1>[\/et_pb_text][\/et_pb_column][et_pb_column type=&#8220;3_4&#8243; specialty_columns=&#8220;3&#8243; _builder_version=&#8220;3.25&#8243; custom_padding=&#8220;|||&#8220; custom_padding__hover=&#8220;|||&#8220;][et_pb_row_inner _builder_version=&#8220;4.6.6&#8243; _module_preset=&#8220;default&#8220;][et_pb_column_inner saved_specialty_column_type=&#8220;3_4&#8243; _builder_version=&#8220;4.6.6&#8243; _module_preset=&#8220;default&#8220;][et_pb_blurb title=&#8220;2020&#8243; _builder_version=&#8220;4.6.6&#8243; _module_preset=&#8220;default&#8220; header_font=&#8220;Open Sans|700|||||||&#8220; header_font_size=&#8220;22px&#8220; body_font=&#8220;Open Sans||||||||&#8220; body_line_height=&#8220;1.8em&#8220; hover_enabled=&#8220;0&#8243; sticky_enabled=&#8220;0&#8243;]<p>New management at S&amp;B, by Dipl.-Ing. (FH) Michael B\u00f6hler and Dipl.-Ing. (TU) Martin Weber.<\/p>\n[\/et_pb_blurb][et_pb_blurb _builder_version=&#8220;4.6.6&#8243; _module_preset=&#8220;default&#8220; header_font=&#8220;Open Sans|700|||||||&#8220; header_font_size=&#8220;22px&#8220; body_font=&#8220;Open Sans||||||||&#8220; body_line_height=&#8220;1.8em&#8220; hover_enabled=&#8220;0&#8243; sticky_enabled=&#8220;0&#8243;]<p>Whether it's a new system or an integration, S&amp;B Automotive Engineering GmbH &amp; Co. KG is now regarded as a competent and unconventional \"solution finder\" for future-oriented production concepts.<\/p>\n<p><a href=\"https:\/\/www.sub-automotive.de\/en\/planung\/\"><strong>Passion for detail drives us!<\/strong><\/a><\/p>\n<p>To ensure that this remains the case, the range of services is constantly being expanded in order to support customers with the latest technological developments.<\/p>\n[\/et_pb_blurb][\/et_pb_column_inner][\/et_pb_row_inner][\/et_pb_column][\/et_pb_section][et_pb_section fb_built=&#8220;1&#8243; specialty=&#8220;on&#8220; _builder_version=&#8220;4.6.6&#8243; _module_preset=&#8220;default&#8220;][et_pb_column type=&#8220;1_4&#8243; _builder_version=&#8220;3.25&#8243; custom_padding=&#8220;|||&#8220; custom_padding__hover=&#8220;|||&#8220;][et_pb_text _builder_version=&#8220;4.6.6&#8243; _module_preset=&#8220;default&#8220; text_font=&#8220;Open Sans||||||||&#8220; text_font_size=&#8220;22px&#8220; header_font=&#8220;Open Sans||||||||&#8220; hover_enabled=&#8220;0&#8243; sticky_enabled=&#8220;0&#8243;]<h1><strong>FORESIGHT<br \/> <\/strong><\/h1>\n[\/et_pb_text][\/et_pb_column][et_pb_column type=&#8220;3_4&#8243; specialty_columns=&#8220;3&#8243; _builder_version=&#8220;3.25&#8243; custom_padding=&#8220;|||&#8220; custom_padding__hover=&#8220;|||&#8220;][et_pb_row_inner _builder_version=&#8220;4.6.6&#8243; _module_preset=&#8220;default&#8220;][et_pb_column_inner saved_specialty_column_type=&#8220;3_4&#8243; _builder_version=&#8220;4.6.6&#8243; _module_preset=&#8220;default&#8220;][et_pb_blurb title=&#8220;Zukunftsorientierte Fertigungskonzepte&#8220; _builder_version=&#8220;4.6.6&#8243; _module_preset=&#8220;default&#8220; header_font=&#8220;Open Sans|700|||||||&#8220; header_font_size=&#8220;22px&#8220; body_font=&#8220;Open Sans||||||||&#8220; body_line_height=&#8220;1.8em&#8220; hover_enabled=&#8220;0&#8243; sticky_enabled=&#8220;0&#8243;]<p>With regard to engineering, construction and project management, the S&amp;B team is continuously being strengthened. The total performance capacity is currently around 12,000 hours per month.<\/p>\n<p><a href=\"https:\/\/www.sub-automotive.de\/en\/projekt-management\/\"><strong>Targeted in a team \u2013 step by step!<\/strong><\/a><\/p>\n[\/et_pb_blurb][\/et_pb_column_inner][\/et_pb_row_inner][\/et_pb_column][\/et_pb_section][et_pb_section fb_built=&#8220;1&#8243; fullwidth=&#8220;on&#8220; _builder_version=&#8220;4.6.6&#8243; hover_enabled=&#8220;0&#8243; sticky_enabled=&#8220;0&#8243;][\/et_pb_section]","protected":false},"excerpt":{"rendered":"<p>INNOVATIV DENKEN, GANZHEITLICH HANDELNNach langj\u00e4hriger erfolgreicher Zusammenarbeit erfolgt die Gr\u00fcndung der S&amp;B Automotive Engineering GmbH &amp; Co. KG durch Gerd Sandmair und Dipl.-Ing. (FH) Michael B\u00f6hler.ZIELSETZUNG Der effektive Ausbau des Leistungsportfolios und des Kundenkreises. Infolgedessen vereinen sich die Kr\u00e4fte umfangreicher Konstruktionserfahrung mit gezielter Kundenorientierung. Zudem wissen die Friedberger mit welchen Problemen die Automobilbauer k\u00e4mpfen.WEITERE ENTWICKLUNGInnovativ [&hellip;]<\/p>","protected":false},"author":1,"featured_media":0,"parent":0,"menu_order":0,"comment_status":"closed","ping_status":"closed","template":"","meta":{"_et_pb_use_builder":"on","_et_pb_old_content":"","_et_gb_content_width":"","footnotes":""},"class_list":["post-840","page","type-page","status-publish","hentry"],"_links":{"self":[{"href":"https:\/\/www.sub-automotive.de\/en\/wp-json\/wp\/v2\/pages\/840","targetHints":{"allow":["GET"]}}],"collection":[{"href":"https:\/\/www.sub-automotive.de\/en\/wp-json\/wp\/v2\/pages"}],"about":[{"href":"https:\/\/www.sub-automotive.de\/en\/wp-json\/wp\/v2\/types\/page"}],"author":[{"embeddable":true,"href":"https:\/\/www.sub-automotive.de\/en\/wp-json\/wp\/v2\/users\/1"}],"replies":[{"embeddable":true,"href":"https:\/\/www.sub-automotive.de\/en\/wp-json\/wp\/v2\/comments?post=840"}],"version-history":[{"count":1,"href":"https:\/\/www.sub-automotive.de\/en\/wp-json\/wp\/v2\/pages\/840\/revisions"}],"predecessor-version":[{"id":254819,"href":"https:\/\/www.sub-automotive.de\/en\/wp-json\/wp\/v2\/pages\/840\/revisions\/254819"}],"wp:attachment":[{"href":"https:\/\/www.sub-automotive.de\/en\/wp-json\/wp\/v2\/media?parent=840"}],"curies":[{"name":"wp","href":"https:\/\/api.w.org\/{rel}","templated":true}]}}