{"id":433,"date":"2017-12-04T13:34:37","date_gmt":"2017-12-04T13:34:37","guid":{"rendered":"http:\/\/go.sub-automotive.de\/?page_id=433"},"modified":"2023-10-26T12:16:31","modified_gmt":"2023-10-26T10:16:31","slug":"impressum","status":"publish","type":"page","link":"https:\/\/www.sub-automotive.de\/en\/impressum","title":{"rendered":"Imprint"},"content":{"rendered":"<p>[et_pb_section fb_built=&#8220;1&#8243; _builder_version=&#8220;4.16&#8243; global_colors_info=&#8220;{}&#8220;][et_pb_row _builder_version=&#8220;4.16&#8243; background_size=&#8220;initial&#8220; background_position=&#8220;top_left&#8220; background_repeat=&#8220;repeat&#8220; global_colors_info=&#8220;{}&#8220;][et_pb_column type=&#8220;4_4&#8243; _builder_version=&#8220;4.16&#8243; custom_padding=&#8220;|||&#8220; global_colors_info=&#8220;{}&#8220; custom_padding__hover=&#8220;|||&#8220;][et_pb_text _builder_version=&#8220;4.16&#8243; global_colors_info=&#8220;{}&#8220;]<\/p>\n<h1>Imprint<\/h1>\n<p>Als Diensteanbieter nach \u00a75 TMG stellen wir folgende Informationen bereit:<\/p>\n<p>[\/et_pb_text][\/et_pb_column][\/et_pb_row][et_pb_row column_structure=&#8220;1_2,1_2&#8243; _builder_version=&#8220;4.16&#8243; background_size=&#8220;initial&#8220; background_position=&#8220;top_left&#8220; background_repeat=&#8220;repeat&#8220; global_colors_info=&#8220;{}&#8220;][et_pb_column type=&#8220;1_2&#8243; _builder_version=&#8220;4.16&#8243; custom_padding=&#8220;|||&#8220; global_colors_info=&#8220;{}&#8220; custom_padding__hover=&#8220;|||&#8220;][et_pb_text _builder_version=&#8220;4.16&#8243; global_colors_info=&#8220;{}&#8220;]<\/p>\n<h3>Firmensitz<\/h3>\n<p>S&amp;B Automotive Engineering GmbH &amp; Co. KG<br \/>\nBahnhofstrasse 32<br \/>\n86316 Friedberg<\/p>\n<p>Telefon 0049 821 60097-0<br \/>\nTelefax 0049 821 60097-19<\/p>\n<p><a href=\"mailto:info@sub-automotive.de\">info@sub-automotive.de<\/a><br \/>\n<a href=\"https:\/\/www.sub-automotive.de\/en\/\">www.sub-automotive.de<\/a><br \/>\n[\/et_pb_text][et_pb_text _builder_version=&#8220;4.16&#8243; global_colors_info=&#8220;{}&#8220;]<\/p>\n<h3>Gesch\u00e4ftsf\u00fchrung<\/h3>\n<p>Dipl.-Ing. (FH) Michael B\u00f6hler<br \/>Dipl.-Ing. (TU) Martin Weber<\/p>\n<p>Inhaltlich verantwortlich gem\u00e4\u00df<br \/>\u00a75 Absatz 1 Telemediengesetz<\/p>\n<p>[\/et_pb_text][\/et_pb_column][et_pb_column type=&#8220;1_2&#8243; _builder_version=&#8220;4.16&#8243; custom_padding=&#8220;|||&#8220; global_colors_info=&#8220;{}&#8220; custom_padding__hover=&#8220;|||&#8220;][et_pb_text _builder_version=&#8220;4.20.2&#8243; hover_enabled=&#8220;0&#8243; global_colors_info=&#8220;{}&#8220; sticky_enabled=&#8220;0&#8243;]<\/p>\n<h3>Handelsregister<\/h3>\n<p>Amtsgericht Augsburg HRA 15151<\/p>\n<p>&nbsp;<\/p>\n<p>Komplement\u00e4r:<br \/>S&amp;B Automotive Engineering Verwaltungs GmbH<\/p>\n<p>Amtsgericht Augsburg HRB 22303<\/p>\n<p>&nbsp;<\/p>\n<p>Gesch\u00e4ftsf\u00fchrer des Komplement\u00e4rs:<br \/>Dipl.-Ing. (FH) Michael B\u00f6hler<br \/>Dipl.-Ing. (TU) Martin Weber<\/p>\n<p>Ust-IDNr. DE814346422<\/p>\n<p>[\/et_pb_text][\/et_pb_column][\/et_pb_row][et_pb_row column_structure=&#8220;1_2,1_2&#8243; _builder_version=&#8220;4.16&#8243; background_size=&#8220;initial&#8220; background_position=&#8220;top_left&#8220; background_repeat=&#8220;repeat&#8220; global_colors_info=&#8220;{}&#8220;][et_pb_column type=&#8220;1_2&#8243; _builder_version=&#8220;4.16&#8243; custom_padding=&#8220;|||&#8220; global_colors_info=&#8220;{}&#8220; custom_padding__hover=&#8220;|||&#8220;][et_pb_text _builder_version=&#8220;4.16&#8243; global_colors_info=&#8220;{}&#8220;]<\/p>\n<h3><strong>Haftungsausschluss<\/strong><\/h3>\n<p>Die S&amp;B Automotive Engineering GmbH &amp; Co. KG \u00fcbernimmt keine Gew\u00e4hr f\u00fcr die Richtigkeit und Vollst\u00e4ndigkeit der auf diesen Seiten bereitgestellten Informationen.<\/p>\n<p>Haftungsanspr\u00fcche gegen die S&amp;B Automotive Engineering GmbH &amp; Co. KG, die sich auf Sch\u00e4den materieller oder ideeller Art beziehen, die durch die Nutzung oder Nichtnutzung der vorliegenden Informationen verursacht wurden, sind grunds\u00e4tzlich ausgeschlossen, sofern seitens von S&amp;B Automotive Engineering GmbH &amp; Co. KG kein nachweislich vors\u00e4tzliches oder grob fahrl\u00e4ssiges Verschulden vorliegt.<\/p>\n<p>Die S&amp;B Automotive Engineering GmbH &amp; Co. KG erkl\u00e4rt hiermit ausdr\u00fccklich, dass zum Zeitpunkt der Linksetzung die entsprechenden Seiten frei von illegalen Inhalten waren.<\/p>\n<p>[\/et_pb_text][\/et_pb_column][et_pb_column type=&#8220;1_2&#8243; _builder_version=&#8220;4.16&#8243; custom_padding=&#8220;|||&#8220; global_colors_info=&#8220;{}&#8220; custom_padding__hover=&#8220;|||&#8220;][et_pb_text _builder_version=&#8220;4.16&#8243; global_colors_info=&#8220;{}&#8220;]<\/p>\n<h3><strong>Urheberrecht<\/strong><\/h3>\n<p>Die auf diesen Seiten ver\u00f6ffentlichten Texte und Bilder sind, einschlie\u00dflich Ihrer Anordnung, urheberrechtlich gesch\u00fctzt.<\/p>\n<p>Herunterladen, Ausdrucken oder Kopieren dieser Seiten oder von Teilen davon ist nur zum privaten, nicht kommerziellen Gebrauch gestattet.<\/p>\n<p>Jede Art der Verwertung, insbesondere Bearbeitung, Verbreitung oder Vervielf\u00e4ltigung, bedarf der vorherigen schriftlichen Zustimmung.<\/p>\n<p>Auf der Seite befinden sich unter anderem Fotos von <a href=\"https:\/\/de.fotolia.com\">Fotolia<\/a>. Fotolia ist Lizenzgeber und h\u00e4lt alle Eigentumsrechte an den Fotos. Die Fotos sind durch Urheber-, Marken- oder andere Rechte an geistigem Eigentum von Fotolia oder seinen Lizenzgebern gesch\u00fctzt.<\/p>\n<p>\u00a9 Fotolia &#8211; ArchMen<br \/>\u00a9 Fotolia &#8211; RomanSakhno<br \/>\u00a9 Fotolia &#8211; 3desc<br \/>\u00a9 Fotolia &#8211; Roman King<br \/>\u00a9 Fotolia &#8211; itestro<br \/>\u00a9 Fotolia &#8211; 3ddock<br \/>\u00a9 Fotolia &#8211; tiero[\/et_pb_text][\/et_pb_column][\/et_pb_row][et_pb_row _builder_version=&#8220;4.16&#8243; background_size=&#8220;initial&#8220; background_position=&#8220;top_left&#8220; background_repeat=&#8220;repeat&#8220; global_colors_info=&#8220;{}&#8220;][et_pb_column type=&#8220;4_4&#8243; _builder_version=&#8220;4.16&#8243; custom_padding=&#8220;|||&#8220; global_colors_info=&#8220;{}&#8220; custom_padding__hover=&#8220;|||&#8220;][et_pb_cta title=&#8220;Hinweise zum Datenschutz&#8220; button_url=&#8220;http:\/\/sub-automotive.de\/datenschutzerklaerung&#8220; url_new_window=&#8220;on&#8220; button_text=&#8220;DATENSCHUTZERKL\u00c4RUNG&#8220; _builder_version=&#8220;4.16&#8243; global_colors_info=&#8220;{}&#8220; button_text_size__hover_enabled=&#8220;off&#8220; button_one_text_size__hover_enabled=&#8220;off&#8220; button_two_text_size__hover_enabled=&#8220;off&#8220; button_text_color__hover_enabled=&#8220;off&#8220; button_one_text_color__hover_enabled=&#8220;off&#8220; button_two_text_color__hover_enabled=&#8220;off&#8220; button_border_width__hover_enabled=&#8220;off&#8220; button_one_border_width__hover_enabled=&#8220;off&#8220; button_two_border_width__hover_enabled=&#8220;off&#8220; button_border_color__hover_enabled=&#8220;off&#8220; button_one_border_color__hover_enabled=&#8220;off&#8220; button_two_border_color__hover_enabled=&#8220;off&#8220; button_border_radius__hover_enabled=&#8220;off&#8220; button_one_border_radius__hover_enabled=&#8220;off&#8220; button_two_border_radius__hover_enabled=&#8220;off&#8220; button_letter_spacing__hover_enabled=&#8220;off&#8220; button_one_letter_spacing__hover_enabled=&#8220;off&#8220; button_two_letter_spacing__hover_enabled=&#8220;off&#8220; button_bg_color__hover_enabled=&#8220;off&#8220; button_one_bg_color__hover_enabled=&#8220;off&#8220; button_two_bg_color__hover_enabled=&#8220;off&#8220;]Der Schutz Ihrer Personenbezogenen Daten ist uns ein gro\u00dfes und sehr wichtiges Anliegen. Hierf\u00fcr wichtige Informationen k\u00f6nnen Sie in unserer Datenschutzerkl\u00e4rung nachlesen.<br \/>\n[\/et_pb_cta][\/et_pb_column][\/et_pb_row][\/et_pb_section]<\/p>","protected":false},"excerpt":{"rendered":"<p>Impressum Als Diensteanbieter nach \u00a75 TMG stellen wir folgende Informationen bereit:Firmensitz S&amp;B Automotive Engineering GmbH &amp; Co. KG Bahnhofstrasse 32 86316 Friedberg Telefon 0049 821 60097-0 Telefax 0049 821 60097-19 info@sub-automotive.de www.sub-automotive.de Gesch\u00e4ftsf\u00fchrung Dipl.-Ing. (FH) Michael B\u00f6hlerDipl.-Ing. (TU) Martin WeberInhaltlich verantwortlich gem\u00e4\u00df\u00a75 Absatz 1 TelemediengesetzHandelsregister Amtsgericht Augsburg HRA 15151 &nbsp; Komplement\u00e4r:S&amp;B Automotive Engineering Verwaltungs GmbH [&hellip;]<\/p>","protected":false},"author":1,"featured_media":0,"parent":0,"menu_order":0,"comment_status":"closed","ping_status":"closed","template":"","meta":{"_et_pb_use_builder":"on","_et_pb_old_content":"","_et_gb_content_width":"","footnotes":""},"class_list":["post-433","page","type-page","status-publish","hentry"],"_links":{"self":[{"href":"https:\/\/www.sub-automotive.de\/en\/wp-json\/wp\/v2\/pages\/433","targetHints":{"allow":["GET"]}}],"collection":[{"href":"https:\/\/www.sub-automotive.de\/en\/wp-json\/wp\/v2\/pages"}],"about":[{"href":"https:\/\/www.sub-automotive.de\/en\/wp-json\/wp\/v2\/types\/page"}],"author":[{"embeddable":true,"href":"https:\/\/www.sub-automotive.de\/en\/wp-json\/wp\/v2\/users\/1"}],"replies":[{"embeddable":true,"href":"https:\/\/www.sub-automotive.de\/en\/wp-json\/wp\/v2\/comments?post=433"}],"version-history":[{"count":1,"href":"https:\/\/www.sub-automotive.de\/en\/wp-json\/wp\/v2\/pages\/433\/revisions"}],"predecessor-version":[{"id":1563,"href":"https:\/\/www.sub-automotive.de\/en\/wp-json\/wp\/v2\/pages\/433\/revisions\/1563"}],"wp:attachment":[{"href":"https:\/\/www.sub-automotive.de\/en\/wp-json\/wp\/v2\/media?parent=433"}],"curies":[{"name":"wp","href":"https:\/\/api.w.org\/{rel}","templated":true}]}}