{"id":1504,"date":"2023-03-29T12:55:14","date_gmt":"2023-03-29T12:55:14","guid":{"rendered":"https:\/\/www.sub-automotive.de\/?page_id=1504"},"modified":"2023-07-24T14:29:05","modified_gmt":"2023-07-24T12:29:05","slug":"verhaltenskodex-und-richtlinien","status":"publish","type":"page","link":"https:\/\/www.sub-automotive.de\/en\/verhaltenskodex-und-richtlinien","title":{"rendered":"Guidelines and policies"},"content":{"rendered":"<p>[et_pb_section fb_built=&#8220;1&#8243; _builder_version=&#8220;4.20.2&#8243; _module_preset=&#8220;default&#8220; global_colors_info=&#8220;{}&#8220;][et_pb_row _builder_version=&#8220;4.20.2&#8243; _module_preset=&#8220;default&#8220; custom_padding=&#8220;||27px|||&#8220; global_colors_info=&#8220;{}&#8220;][et_pb_column type=&#8220;4_4&#8243; _builder_version=&#8220;4.20.2&#8243; _module_preset=&#8220;default&#8220; global_colors_info=&#8220;{}&#8220;][et_pb_text _builder_version=&#8220;4.20.2&#8243; _module_preset=&#8220;default&#8220; global_colors_info=&#8220;{}&#8220;]<\/p>\n<p><strong>These are all released guidelines and policies for public access<\/strong><\/p>\n<p>[\/et_pb_text][et_pb_text _builder_version=&#8220;4.20.2&#8243; _module_preset=&#8220;default&#8220; hover_enabled=&#8220;0&#8243; global_colors_info=&#8220;{}&#8220; sticky_enabled=&#8220;0&#8243;]<\/p>\n<ul>\n<li><a href=\"https:\/\/www.sub-automotive.de\/wp-content\/uploads\/2023\/06\/SuB_Code-of-Conduct.pdf\">Code of Conduct for employees<\/a><\/li>\n<li><a href=\"https:\/\/www.sub-automotive.de\/wp-content\/uploads\/2023\/04\/SuB_Lieferanten_Verhaltenskodex_022023.pdf\" rel=\"noopener\">Code of Conduct for suppliers<\/a><\/li>\n<li><a href=\"https:\/\/www.sub-automotive.de\/wp-content\/uploads\/2023\/06\/SuB_Code-of-Ethics.pdf\">Code of Ethics<\/a><\/li>\n<li><a href=\"https:\/\/www.sub-automotive.de\/wp-content\/uploads\/2023\/06\/SuB_Working-Conditions-and-Human-Rights-Policy.pdf\">Policy concerning Working Conditions and Human Right<\/a><\/li>\n<li><a href=\"https:\/\/www.sub-automotive.de\/wp-content\/uploads\/2023\/06\/SuB_Environmental-Protection-Policy.pdf\">Policy concerning Environmental Protection<\/a><\/li>\n<\/ul>\n<p>[\/et_pb_text][\/et_pb_column][\/et_pb_row][\/et_pb_section]<\/p>","protected":false},"excerpt":{"rendered":"<p>Hier finden sie alle \u00f6ffentlich zug\u00e4nglichen Kodexe und Richtlinien Verhaltenskodex f\u00fcr Mitarbeiter Verhaltenskodex f\u00fcr Lieferanten Ethikkodex Richtlinie zu Arbeitsbedingungen und Menschenrechte Richtlinie zum Umweltschutz<\/p>","protected":false},"author":2,"featured_media":0,"parent":0,"menu_order":0,"comment_status":"closed","ping_status":"closed","template":"","meta":{"_et_pb_use_builder":"on","_et_pb_old_content":"","_et_gb_content_width":"","footnotes":""},"class_list":["post-1504","page","type-page","status-publish","hentry"],"_links":{"self":[{"href":"https:\/\/www.sub-automotive.de\/en\/wp-json\/wp\/v2\/pages\/1504","targetHints":{"allow":["GET"]}}],"collection":[{"href":"https:\/\/www.sub-automotive.de\/en\/wp-json\/wp\/v2\/pages"}],"about":[{"href":"https:\/\/www.sub-automotive.de\/en\/wp-json\/wp\/v2\/types\/page"}],"author":[{"embeddable":true,"href":"https:\/\/www.sub-automotive.de\/en\/wp-json\/wp\/v2\/users\/2"}],"replies":[{"embeddable":true,"href":"https:\/\/www.sub-automotive.de\/en\/wp-json\/wp\/v2\/comments?post=1504"}],"version-history":[{"count":1,"href":"https:\/\/www.sub-automotive.de\/en\/wp-json\/wp\/v2\/pages\/1504\/revisions"}],"predecessor-version":[{"id":1561,"href":"https:\/\/www.sub-automotive.de\/en\/wp-json\/wp\/v2\/pages\/1504\/revisions\/1561"}],"wp:attachment":[{"href":"https:\/\/www.sub-automotive.de\/en\/wp-json\/wp\/v2\/media?parent=1504"}],"curies":[{"name":"wp","href":"https:\/\/api.w.org\/{rel}","templated":true}]}}