{"id":150,"date":"2017-11-27T09:50:26","date_gmt":"2017-11-27T09:50:26","guid":{"rendered":"http:\/\/go.sub-automotive.de\/?page_id=150"},"modified":"2023-04-04T08:08:08","modified_gmt":"2023-04-04T08:08:08","slug":"mitarbeiter-bei-sundb","status":"publish","type":"page","link":"https:\/\/www.sub-automotive.de\/en\/mitarbeiter-bei-sundb","title":{"rendered":"S&#038;B Team"},"content":{"rendered":"<p>[et_pb_section fb_built=&#8220;1&#8243; fullwidth=&#8220;on&#8220; _builder_version=&#8220;4.16&#8243; global_colors_info=&#8220;{}&#8220;][et_pb_fullwidth_image src=&#8220;https:\/\/www.sub-automotive.de\/wp-content\/uploads\/2020\/10\/SB-Team.jpg&#8220; alt=&#8220;S&#038;B Team&#8220; title_text=&#8220;S&#038;B-Team&#8220; _builder_version=&#8220;4.16&#8243; global_colors_info=&#8220;{}&#8220;]&nbsp;<br \/>\n[\/et_pb_fullwidth_image][et_pb_fullwidth_header title=&#8220;Starke Initiative unserer Mitarbeiter sichert Ihren Erfolg&#8220; text_orientation=&#8220;center&#8220; _builder_version=&#8220;4.16&#8243; background_color=&#8220;rgba(255, 255, 255, 0)&#8220; background_layout=&#8220;light&#8220; global_colors_info=&#8220;{}&#8220; button_one_text_size__hover_enabled=&#8220;off&#8220; button_two_text_size__hover_enabled=&#8220;off&#8220; button_one_text_color__hover_enabled=&#8220;off&#8220; button_two_text_color__hover_enabled=&#8220;off&#8220; button_one_border_width__hover_enabled=&#8220;off&#8220; button_two_border_width__hover_enabled=&#8220;off&#8220; button_one_border_color__hover_enabled=&#8220;off&#8220; button_two_border_color__hover_enabled=&#8220;off&#8220; button_one_border_radius__hover_enabled=&#8220;off&#8220; button_two_border_radius__hover_enabled=&#8220;off&#8220; button_one_letter_spacing__hover_enabled=&#8220;off&#8220; button_two_letter_spacing__hover_enabled=&#8220;off&#8220; button_one_bg_color__hover_enabled=&#8220;off&#8220; button_two_bg_color__hover_enabled=&#8220;off&#8220;]<\/p>\n<p class=\"translation-block\"><strong>We see ourselves as a modern engineering service provider<\/strong><br><strong> for the automotive industry and its suppliers:<\/strong><\/p>\n<p>Well-founded specialist knowledge and many years of experience of our employees characterize our sustainable production concepts, which we develop for quality-conscious customers.<\/p>\n<p>Whether complete system or individual solution: The task of our employees is to optimize your processes in such a way that time and thus your costs are saved.<\/p>\n<p>[\/et_pb_fullwidth_header][\/et_pb_section][et_pb_section fb_built=&#8220;1&#8243; fullwidth=&#8220;on&#8220; _builder_version=&#8220;4.16&#8243; background_color=&#8220;#a6a6a6&#8243; global_colors_info=&#8220;{}&#8220;][et_pb_fullwidth_header title=&#8220;Wir sind ISO 9001:2015 zertifiziert.&#8220; text_orientation=&#8220;center&#8220; _builder_version=&#8220;4.16&#8243; background_color=&#8220;rgba(255, 255, 255, 0)&#8220; global_colors_info=&#8220;{}&#8220; button_one_text_size__hover_enabled=&#8220;off&#8220; button_two_text_size__hover_enabled=&#8220;off&#8220; button_one_text_color__hover_enabled=&#8220;off&#8220; button_two_text_color__hover_enabled=&#8220;off&#8220; button_one_border_width__hover_enabled=&#8220;off&#8220; button_two_border_width__hover_enabled=&#8220;off&#8220; button_one_border_color__hover_enabled=&#8220;off&#8220; button_two_border_color__hover_enabled=&#8220;off&#8220; button_one_border_radius__hover_enabled=&#8220;off&#8220; button_two_border_radius__hover_enabled=&#8220;off&#8220; button_one_letter_spacing__hover_enabled=&#8220;off&#8220; button_two_letter_spacing__hover_enabled=&#8220;off&#8220; button_one_bg_color__hover_enabled=&#8220;off&#8220; button_two_bg_color__hover_enabled=&#8220;off&#8220;]<\/p>\n<p class=\"translation-block\">Both nationally and internationally, we rank amongst the most reputable planning and construction engineering companies in our core areas of planning, design and robotics.<\/p>\n<p><strong>Wondering how we got here?<\/strong><\/p>\n<p>[\/et_pb_fullwidth_header][et_pb_fullwidth_header title=&#8220;Leistungsstark: Dank engagierter Mitarbeiter&#8220; text_orientation=&#8220;center&#8220; button_one_text=&#8220;Historie des Unternehmens&#8220; button_one_url=&#8220;http:\/\/sub-automotive.de\/historie-sub-automotive-engineering&#8220; button_two_text=&#8220;Verhaltenskodex f\u00fcr Mitarbeiter&#8220; button_two_url=&#8220;https:\/\/www.sub-automotive.de\/verhaltenskodex-und-richtlinien&#8220; _builder_version=&#8220;4.20.2&#8243; background_color=&#8220;#ffffff&#8220; background_layout=&#8220;light&#8220; hover_enabled=&#8220;0&#8243; global_colors_info=&#8220;{}&#8220; button_one_text_size__hover_enabled=&#8220;off&#8220; button_two_text_size__hover_enabled=&#8220;off&#8220; button_one_text_color__hover_enabled=&#8220;off&#8220; button_two_text_color__hover_enabled=&#8220;off&#8220; button_one_border_width__hover_enabled=&#8220;off&#8220; button_two_border_width__hover_enabled=&#8220;off&#8220; button_one_border_color__hover_enabled=&#8220;off&#8220; button_two_border_color__hover_enabled=&#8220;off&#8220; button_one_border_radius__hover_enabled=&#8220;off&#8220; button_two_border_radius__hover_enabled=&#8220;off&#8220; button_one_letter_spacing__hover_enabled=&#8220;off&#8220; button_two_letter_spacing__hover_enabled=&#8220;off&#8220; button_one_bg_color__hover_enabled=&#8220;off&#8220; button_two_bg_color__hover_enabled=&#8220;off&#8220; sticky_enabled=&#8220;0&#8243;]<\/p>\n<p>We don\u2019t shy away from future-oriented topics: market globalisation and cost-saving measures make it necessary to break new ground. Instead of avoiding these topics, we put our concentrated know-how to work so as to best use your strengths to this end.<\/p>\n<p>&nbsp;<\/p>\n<p>New vehicles confront us with new materials such as carbon fibre laminates or aluminium as well as new joining methods, for which reliable production sites must be developed.<\/p>\n<p>&nbsp;<\/p>\n<p>Flat hierarchies and short distances are also important when you want to be a high level of performer. Which, on the other hand, can be seen in our satisfied and committed members of staff \u2013 who are of great importance to us.<\/p>\n<p>[\/et_pb_fullwidth_header][\/et_pb_section][et_pb_section fb_built=&#8220;1&#8243; _builder_version=&#8220;4.16&#8243; background_color=&#8220;#636363&#8243; global_colors_info=&#8220;{}&#8220;][et_pb_row _builder_version=&#8220;4.16&#8243; background_size=&#8220;initial&#8220; background_position=&#8220;top_left&#8220; background_repeat=&#8220;repeat&#8220; global_colors_info=&#8220;{}&#8220;][et_pb_column type=&#8220;4_4&#8243; _builder_version=&#8220;4.16&#8243; custom_padding=&#8220;|||&#8220; global_colors_info=&#8220;{}&#8220; custom_padding__hover=&#8220;|||&#8220;][et_pb_blurb title=&#8220;Innovative L\u00f6sungen f\u00fcr unsere Kunden.&#8220; _builder_version=&#8220;4.16&#8243; header_level=&#8220;h2&#8243; header_text_align=&#8220;center&#8220; body_text_align=&#8220;center&#8220; text_orientation=&#8220;center&#8220; background_layout=&#8220;dark&#8220; global_colors_info=&#8220;{}&#8220;]Qualit\u00e4t, Kundenorientierung, Zuverl\u00e4ssigkeit,<br \/>\n<strong>= German Engineering!<\/strong><\/p>\n<p>For us, it\u2019s a matter of course: when we take you on as our client, we take all your wishes and requirements seriously. Because it is our objective, to guarantee your long-term satisfaction.<\/p>\n<p>We also aim to set new and innovative trends in the industry in order to face the future well-prepared. By helping to shape the future, we strengthen our clients\u2019 position as front-runners in the automotive industry.<br \/>\n[\/et_pb_blurb][\/et_pb_column][\/et_pb_row][\/et_pb_section]<\/p>","protected":false},"excerpt":{"rendered":"<p>&nbsp; Wir verstehen uns als ein moderner Ingenieur-Dienstleister f\u00fcr die Automobilindustrie und deren Zulieferer: Fundiertes Fachwissen und langj\u00e4hrige Erfahrung unserer Mitarbeiter pr\u00e4gen unsere zukunftsf\u00e4higen Fertigungskonzepte, die wir f\u00fcr qualit\u00e4tsbewusste Kunden entwickeln. Ob komplette Anlage oder Einzell\u00f6sung: Die Aufgabe unserer Mitarbeiter besteht darin, Ihre Abl\u00e4ufe so zu optimieren, dass Zeit und somit Ihre Kosten eingespart werden.In [&hellip;]<\/p>","protected":false},"author":1,"featured_media":0,"parent":0,"menu_order":0,"comment_status":"closed","ping_status":"closed","template":"","meta":{"_et_pb_use_builder":"on","_et_pb_old_content":"","_et_gb_content_width":"","footnotes":""},"class_list":["post-150","page","type-page","status-publish","hentry"],"_links":{"self":[{"href":"https:\/\/www.sub-automotive.de\/en\/wp-json\/wp\/v2\/pages\/150","targetHints":{"allow":["GET"]}}],"collection":[{"href":"https:\/\/www.sub-automotive.de\/en\/wp-json\/wp\/v2\/pages"}],"about":[{"href":"https:\/\/www.sub-automotive.de\/en\/wp-json\/wp\/v2\/types\/page"}],"author":[{"embeddable":true,"href":"https:\/\/www.sub-automotive.de\/en\/wp-json\/wp\/v2\/users\/1"}],"replies":[{"embeddable":true,"href":"https:\/\/www.sub-automotive.de\/en\/wp-json\/wp\/v2\/comments?post=150"}],"version-history":[{"count":0,"href":"https:\/\/www.sub-automotive.de\/en\/wp-json\/wp\/v2\/pages\/150\/revisions"}],"wp:attachment":[{"href":"https:\/\/www.sub-automotive.de\/en\/wp-json\/wp\/v2\/media?parent=150"}],"curies":[{"name":"wp","href":"https:\/\/api.w.org\/{rel}","templated":true}]}}