{"id":1458,"date":"2023-03-24T09:47:25","date_gmt":"2023-03-24T09:47:25","guid":{"rendered":"https:\/\/www.sub-automotive.de\/?page_id=1458"},"modified":"2023-04-19T08:01:26","modified_gmt":"2023-04-19T08:01:26","slug":"nachhaltigkeit","status":"publish","type":"page","link":"https:\/\/www.sub-automotive.de\/en\/nachhaltigkeit","title":{"rendered":"Nachhaltigkeit"},"content":{"rendered":"<p>[et_pb_section fb_built=&#8220;1&#8243; fullwidth=&#8220;on&#8220; _builder_version=&#8220;4.16&#8243; background_color=&#8220;#3e474d&#8220; locked=&#8220;off&#8220; global_colors_info=&#8220;{}&#8220;][et_pb_fullwidth_header title=&#8220;Nachhaltigkeit bei S&#038;B Automotive Engineering GmbH &#038; Co. KG&#8220; _builder_version=&#8220;4.20.2&#8243; title_text_color=&#8220;#ffffff&#8220; content_text_color=&#8220;#ffffff&#8220; background_color=&#8220;rgba(255, 255, 255, 0)&#8220; global_colors_info=&#8220;{}&#8220; button_one_text_size__hover_enabled=&#8220;off&#8220; button_two_text_size__hover_enabled=&#8220;off&#8220; button_one_text_color__hover_enabled=&#8220;off&#8220; button_two_text_color__hover_enabled=&#8220;off&#8220; button_one_border_width__hover_enabled=&#8220;off&#8220; button_two_border_width__hover_enabled=&#8220;off&#8220; button_one_border_color__hover_enabled=&#8220;off&#8220; button_two_border_color__hover_enabled=&#8220;off&#8220; button_one_border_radius__hover_enabled=&#8220;off&#8220; button_two_border_radius__hover_enabled=&#8220;off&#8220; button_one_letter_spacing__hover_enabled=&#8220;off&#8220; button_two_letter_spacing__hover_enabled=&#8220;off&#8220; button_one_bg_color__hover_enabled=&#8220;off&#8220; button_two_bg_color__hover_enabled=&#8220;off&#8220;][\/et_pb_fullwidth_header][\/et_pb_section][et_pb_section fb_built=&#8220;1&#8243; _builder_version=&#8220;4.20.2&#8243; _module_preset=&#8220;default&#8220; locked=&#8220;off&#8220; global_colors_info=&#8220;{}&#8220;][et_pb_row _builder_version=&#8220;4.20.2&#8243; _module_preset=&#8220;default&#8220; global_colors_info=&#8220;{}&#8220;][et_pb_column type=&#8220;4_4&#8243; _builder_version=&#8220;4.20.2&#8243; _module_preset=&#8220;default&#8220; global_colors_info=&#8220;{}&#8220;][et_pb_text _builder_version=&#8220;4.20.2&#8243; _module_preset=&#8220;default&#8220; global_colors_info=&#8220;{}&#8220;]<\/p>\n<p style=\"text-align: justify;\"><span>Wir als <strong>S&amp;B Automotive Engineering GmbH &amp; Co. KG<\/strong> stehen f\u00fcr <strong>Vertrauen<\/strong>, <strong>Teamgeist<\/strong>, <strong>Verantwortung <\/strong>und <strong>Kreativit\u00e4t<\/strong>.<\/span><\/p>\n<p>Verantwortung bedeutet dabei sowohl verantwortungsvoll gegen\u00fcber unseren Kunden und Partnern zu handeln als auch gegen\u00fcber der Gesellschaft. F\u00fcr eine nachhaltigere Zukunft verpflichten wir uns gemeinsam \u00f6kologisch, sozial sowie \u00f6konomisch langfristig aktiv zu werden und mit Kreativit\u00e4t nachhaltige L\u00f6sungen zu generieren. Ein vertrauensvoller Umgang mit Ressourcen, Natur und Menschen ist f\u00fcr uns von hoher Priorit\u00e4t.<\/p>\n<p>[\/et_pb_text][et_pb_image src=&#8220;https:\/\/www.sub-automotive.de\/wp-content\/uploads\/2023\/03\/SDG_Logo.png&#8220; title_text=&#8220;SDG_Logo&#8220; align=&#8220;center&#8220; _builder_version=&#8220;4.20.2&#8243; _module_preset=&#8220;default&#8220; width=&#8220;70%&#8220; global_colors_info=&#8220;{}&#8220;][\/et_pb_image][et_pb_text _builder_version=&#8220;4.20.2&#8243; _module_preset=&#8220;default&#8220; global_colors_info=&#8220;{}&#8220;]<\/p>\n<p>Da die gro\u00dfen Herausforderungen unserer Zeit nur gemeinsam gel\u00f6st werden k\u00f6nnen, unterst\u00fctzen wir die <strong>Sustainable Development Goals<\/strong> (deutsch: Nachhaltigkeitsziele) der Vereinten Nationen. Die <strong>Sustainable Development Goals<\/strong>, welche durch die Vereinten Nationen im Jahr 2015 entwickelt wurden, umfassen insgesamt 17 Ziele, welche weltweit bis 2030 erreicht werden sollen. Dabei richten sich die Ziele nicht nur an Regierungen und Individuen, sondern auch an Unternehmen.<\/p>\n<p>Wir stehen hinter allen 17 Sustainable Development Goals.<\/p>\n<p>Mithilfe unserer zukunftsorientierten Fertigungskonzepte und kreativen Konstruktionen f\u00f6rdern wir insbesondere die Ziele 8 (Menschenw\u00fcrdige Arbeit und Wirtschaftswachstum), 9 (Industrie, Innovation und Infrastruktur) und 10 (Weniger Ungleichheit).<\/p>\n<p>[\/et_pb_text][\/et_pb_column][\/et_pb_row][et_pb_row _builder_version=&#8220;4.20.2&#8243; _module_preset=&#8220;default&#8220; global_colors_info=&#8220;{}&#8220;][et_pb_column type=&#8220;4_4&#8243; _builder_version=&#8220;4.20.2&#8243; _module_preset=&#8220;default&#8220; global_colors_info=&#8220;{}&#8220;][et_pb_text _builder_version=&#8220;4.20.2&#8243; _module_preset=&#8220;default&#8220; text_orientation=&#8220;center&#8220; global_colors_info=&#8220;{}&#8220;]<\/p>\n<p style=\"text-align: left;\"><strong>SDG 8: Menschenw\u00fcrdige Arbeit und Wirtschaftswachstum<\/strong><\/p>\n<p>[\/et_pb_text][\/et_pb_column][\/et_pb_row][et_pb_row column_structure=&#8220;1_3,2_3&#8243; _builder_version=&#8220;4.20.2&#8243; _module_preset=&#8220;default&#8220; global_colors_info=&#8220;{}&#8220;][et_pb_column type=&#8220;1_3&#8243; _builder_version=&#8220;4.20.2&#8243; _module_preset=&#8220;default&#8220; global_colors_info=&#8220;{}&#8220;][et_pb_image src=&#8220;https:\/\/www.sub-automotive.de\/wp-content\/uploads\/2023\/03\/SDG_GOAL_8.png&#8220; title_text=&#8220;SDG_GOAL_8&#8243; align=&#8220;center&#8220; _builder_version=&#8220;4.20.2&#8243; _module_preset=&#8220;default&#8220; width=&#8220;40%&#8220; max_width=&#8220;40%&#8220; module_alignment=&#8220;center&#8220; global_colors_info=&#8220;{}&#8220;][\/et_pb_image][\/et_pb_column][et_pb_column type=&#8220;2_3&#8243; _builder_version=&#8220;4.20.2&#8243; _module_preset=&#8220;default&#8220; global_colors_info=&#8220;{}&#8220;][et_pb_text _builder_version=&#8220;4.20.2&#8243; _module_preset=&#8220;default&#8220; custom_margin=&#8220;|-3px||-4px||false&#8220; global_colors_info=&#8220;{}&#8220;]<\/p>\n<p>Wir verfolgen das Ziel nachhaltige Gesch\u00e4ftsmodelle zu entwickeln, welche technologische Modernisierungen und Innovationen vorantreiben. Produktionsanlagen werden zukunftsf\u00e4hig gestaltet, wodurch leistungsf\u00e4hige Konzepte entstehen, die die Effizienz steigern. Als \u201eKreativbude\u201c geh\u00f6rt das Hinterfragen bestehender Systeme sowie konstante Perspektivenwechsel zu unserem Alltag.<\/p>\n<p>[\/et_pb_text][\/et_pb_column][\/et_pb_row][et_pb_row _builder_version=&#8220;4.20.2&#8243; _module_preset=&#8220;default&#8220; global_colors_info=&#8220;{}&#8220;][et_pb_column type=&#8220;4_4&#8243; _builder_version=&#8220;4.20.2&#8243; _module_preset=&#8220;default&#8220; global_colors_info=&#8220;{}&#8220;][et_pb_text _builder_version=&#8220;4.20.2&#8243; _module_preset=&#8220;default&#8220; text_orientation=&#8220;center&#8220; locked=&#8220;off&#8220; global_colors_info=&#8220;{}&#8220;]<\/p>\n<p style=\"text-align: left;\"><strong>SDG 9: Industrie, Innovation und Infrastruktur<\/strong><\/p>\n<p>[\/et_pb_text][\/et_pb_column][\/et_pb_row][et_pb_row column_structure=&#8220;1_3,2_3&#8243; _builder_version=&#8220;4.20.2&#8243; _module_preset=&#8220;default&#8220; global_colors_info=&#8220;{}&#8220;][et_pb_column type=&#8220;1_3&#8243; _builder_version=&#8220;4.20.2&#8243; _module_preset=&#8220;default&#8220; global_colors_info=&#8220;{}&#8220;][et_pb_image src=&#8220;https:\/\/www.sub-automotive.de\/wp-content\/uploads\/2023\/03\/SDG_GOAL_9-300&#215;300.png&#8220; title_text=&#8220;SDG_GOAL_9&#8243; align=&#8220;center&#8220; admin_label=&#8220;Bild&#8220; _builder_version=&#8220;4.20.2&#8243; _module_preset=&#8220;default&#8220; width=&#8220;40%&#8220; max_width=&#8220;40%&#8220; module_alignment=&#8220;center&#8220; global_colors_info=&#8220;{}&#8220;][\/et_pb_image][\/et_pb_column][et_pb_column type=&#8220;2_3&#8243; _builder_version=&#8220;4.20.2&#8243; _module_preset=&#8220;default&#8220; global_colors_info=&#8220;{}&#8220;][et_pb_text _builder_version=&#8220;4.20.2&#8243; _module_preset=&#8220;default&#8220; custom_margin=&#8220;|||-5px||&#8220; custom_padding=&#8220;|||0px||&#8220; global_colors_info=&#8220;{}&#8220;]<\/p>\n<p>Wir f\u00f6rdern nachhaltige und widerstandsf\u00e4hige Infrastrukturen, indem wir neuartige Systeml\u00f6sungen kreieren und bestehende Anlagen optimieren. So k\u00f6nnen Technologien genutzt werden, um Innovationen zu f\u00f6rdern und effiziente Kreisl\u00e4ufe zu entwickeln. Dabei gehen wir immer wieder neue Wege und wagen \u201eout of the box\u201c L\u00f6sungen.<\/p>\n<p>[\/et_pb_text][\/et_pb_column][\/et_pb_row][et_pb_row _builder_version=&#8220;4.20.2&#8243; _module_preset=&#8220;default&#8220; global_colors_info=&#8220;{}&#8220;][et_pb_column type=&#8220;4_4&#8243; _builder_version=&#8220;4.20.2&#8243; _module_preset=&#8220;default&#8220; global_colors_info=&#8220;{}&#8220;][et_pb_text admin_label=&#8220;Text&#8220; _builder_version=&#8220;4.20.2&#8243; _module_preset=&#8220;default&#8220; text_orientation=&#8220;center&#8220; locked=&#8220;off&#8220; global_colors_info=&#8220;{}&#8220;]<\/p>\n<p style=\"text-align: left;\"><strong>SDG 10: Weniger Ungleichheit<\/strong><\/p>\n<p>[\/et_pb_text][\/et_pb_column][\/et_pb_row][et_pb_row column_structure=&#8220;1_3,2_3&#8243; _builder_version=&#8220;4.20.2&#8243; _module_preset=&#8220;default&#8220; global_colors_info=&#8220;{}&#8220;][et_pb_column type=&#8220;1_3&#8243; _builder_version=&#8220;4.20.2&#8243; _module_preset=&#8220;default&#8220; global_colors_info=&#8220;{}&#8220;][et_pb_image src=&#8220;https:\/\/www.sub-automotive.de\/wp-content\/uploads\/2023\/03\/SDG_GOAL_10-300&#215;300.png&#8220; title_text=&#8220;SDG_GOAL_10&#8243; align=&#8220;center&#8220; _builder_version=&#8220;4.20.2&#8243; _module_preset=&#8220;default&#8220; width=&#8220;40%&#8220; max_width=&#8220;40%&#8220; global_colors_info=&#8220;{}&#8220;][\/et_pb_image][\/et_pb_column][et_pb_column type=&#8220;2_3&#8243; _builder_version=&#8220;4.20.2&#8243; _module_preset=&#8220;default&#8220; global_colors_info=&#8220;{}&#8220;][et_pb_text _builder_version=&#8220;4.20.2&#8243; _module_preset=&#8220;default&#8220; global_colors_info=&#8220;{}&#8220;]Wir m\u00f6chten allen Menschen den Zugang zu wirtschaftlichen und nat\u00fcrlichen Ressourcen unabh\u00e4ngig ihres Geschlechts, Alters, Behinderung, Ethnizit\u00e4t, Herkunft oder Weltanschauung gew\u00e4hrleisten. Als Unternehmen, das sich als Team versteht, sollen Chancengleichheit und Selbstbestimmung fester Bestandteil des Miteinanders sein. Mithilfe eines aktiven Einsatzes gegen Diskriminierung sollen inklusive Arbeitswege sowie F\u00f6rderungen geschaffen werden.[\/et_pb_text][\/et_pb_column][\/et_pb_row][et_pb_row _builder_version=&#8220;4.20.2&#8243; _module_preset=&#8220;default&#8220; global_colors_info=&#8220;{}&#8220;][et_pb_column type=&#8220;4_4&#8243; _builder_version=&#8220;4.20.2&#8243; _module_preset=&#8220;default&#8220; global_colors_info=&#8220;{}&#8220;][et_pb_text _builder_version=&#8220;4.20.2&#8243; _module_preset=&#8220;default&#8220; global_colors_info=&#8220;{}&#8220;]<\/p>\n<p>Um unsere Unternehmenswerte \u2013 Vertrauen, Teamgeist, Verantwortung und Kreativit\u00e4t \u2013 in unsere Arbeit zu integrieren und die uns selbst auferlegten Nachhaltigkeitsziele zu erreichen, verfolgen wir unsere <a href=\"https:\/\/www.sub-automotive.de\/en\/verhaltenskodex-und-richtlinien\/\">Kodexe und Richtlinien<\/a>.<\/p>\n<p>Da wir stetig an uns arbeiten, freuen wir uns sehr, wenn Sie uns <a href=\"https:\/\/www.sub-automotive.de\/en\/kummerkasten\/\">Feedback, Hinweise sowie Beschwerden<\/a> mitteilen.<br \/>Wir werden jegliche Anmerkungen ernst nehmen und entsprechende Handlungen einf\u00fchren.<\/p>\n<p>Sie k\u00f6nnen unseren konkreten Ablauf, welcher nach einer Meldung eingeleitet wird, <a href=\"https:\/\/www.sub-automotive.de\/wp-content\/uploads\/2023\/04\/Beschwerdemechanismus-Ablauf.pdf\">hier <\/a>einsehen.<\/p>\n<p>[\/et_pb_text][\/et_pb_column][\/et_pb_row][\/et_pb_section]<\/p>","protected":false},"excerpt":{"rendered":"<p>Wir als S&amp;B Automotive Engineering GmbH &amp; Co. KG stehen f\u00fcr Vertrauen, Teamgeist, Verantwortung und Kreativit\u00e4t. Verantwortung bedeutet dabei sowohl verantwortungsvoll gegen\u00fcber unseren Kunden und Partnern zu handeln als auch gegen\u00fcber der Gesellschaft. F\u00fcr eine nachhaltigere Zukunft verpflichten wir uns gemeinsam \u00f6kologisch, sozial sowie \u00f6konomisch langfristig aktiv zu werden und mit Kreativit\u00e4t nachhaltige L\u00f6sungen zu [&hellip;]<\/p>","protected":false},"author":2,"featured_media":0,"parent":0,"menu_order":0,"comment_status":"closed","ping_status":"closed","template":"","meta":{"_et_pb_use_builder":"on","_et_pb_old_content":"","_et_gb_content_width":"","footnotes":""},"class_list":["post-1458","page","type-page","status-publish","hentry"],"_links":{"self":[{"href":"https:\/\/www.sub-automotive.de\/en\/wp-json\/wp\/v2\/pages\/1458","targetHints":{"allow":["GET"]}}],"collection":[{"href":"https:\/\/www.sub-automotive.de\/en\/wp-json\/wp\/v2\/pages"}],"about":[{"href":"https:\/\/www.sub-automotive.de\/en\/wp-json\/wp\/v2\/types\/page"}],"author":[{"embeddable":true,"href":"https:\/\/www.sub-automotive.de\/en\/wp-json\/wp\/v2\/users\/2"}],"replies":[{"embeddable":true,"href":"https:\/\/www.sub-automotive.de\/en\/wp-json\/wp\/v2\/comments?post=1458"}],"version-history":[{"count":0,"href":"https:\/\/www.sub-automotive.de\/en\/wp-json\/wp\/v2\/pages\/1458\/revisions"}],"wp:attachment":[{"href":"https:\/\/www.sub-automotive.de\/en\/wp-json\/wp\/v2\/media?parent=1458"}],"curies":[{"name":"wp","href":"https:\/\/api.w.org\/{rel}","templated":true}]}}