{"id":1108,"date":"2018-02-16T10:11:43","date_gmt":"2018-02-16T10:11:43","guid":{"rendered":"http:\/\/go.sub-automotive.de\/?page_id=1108"},"modified":"2022-06-24T09:01:59","modified_gmt":"2022-06-24T09:01:59","slug":"konstruktion-im-karosseriebau","status":"publish","type":"page","link":"https:\/\/www.sub-automotive.de\/en\/konstruktion-im-karosseriebau","title":{"rendered":"DESIGN"},"content":{"rendered":"<p>[et_pb_section fb_built=&#8220;1&#8243; _builder_version=&#8220;4.11.3&#8243; background_image=&#8220;https:\/\/www.sub-automotive.de\/wp-content\/uploads\/2017\/12\/starbild1-1.jpg&#8220; background_position=&#8220;center_right&#8220; global_colors_info=&#8220;{}&#8220;][et_pb_row column_structure=&#8220;1_2,1_2&#8243; _builder_version=&#8220;3.25&#8243; background_size=&#8220;initial&#8220; background_position=&#8220;top_left&#8220; background_repeat=&#8220;repeat&#8220; global_colors_info=&#8220;{}&#8220;][et_pb_column type=&#8220;1_2&#8243; _builder_version=&#8220;3.25&#8243; custom_padding=&#8220;|||&#8220; global_colors_info=&#8220;{}&#8220; custom_padding__hover=&#8220;|||&#8220;][et_pb_blurb title=&#8220;German Engineering f\u00fcr Ihre Produktionsanlagen.&#8220; _builder_version=&#8220;3.0.106&#8243; background_layout=&#8220;dark&#8220; global_colors_info=&#8220;{}&#8220;]<\/p>\n<h1>Premium vehicle construction for tomorrow\u2019s world \u2013 designed to last.<\/h1>\n<p>Active worldwide for you: as a global engineering partner of the automotive industry and its suppliers, you can expect us to provide precise \u201eGerman engineering quality\u201c.<\/p>\n<p>We design welding facilities for body construction. Our team is highly motivated, spending each new day developing solutions for complex body-shell line facilities while always keeping cost and competitiveness in mind.<br \/>\n[\/et_pb_blurb][et_pb_button button_url=&#8220;http:\/\/sub-automotive.de\/planung&#8220; url_new_window=&#8220;on&#8220; button_text=&#8220;Erfolgreiche Projekte beginnen mit einer kompetenten Planung&#8220; button_alignment=&#8220;left&#8220; _builder_version=&#8220;3.16&#8243; custom_button=&#8220;on&#8220; button_text_size=&#8220;23px&#8220; button_border_width=&#8220;1px&#8220; button_font=&#8220;|600|||||||&#8220; button_icon=&#8220;%%28%%&#8220; background_layout=&#8220;dark&#8220; global_colors_info=&#8220;{}&#8220; button_text_size__hover_enabled=&#8220;off&#8220; button_one_text_size__hover_enabled=&#8220;off&#8220; button_two_text_size__hover_enabled=&#8220;off&#8220; button_text_color__hover_enabled=&#8220;off&#8220; button_one_text_color__hover_enabled=&#8220;off&#8220; button_two_text_color__hover_enabled=&#8220;off&#8220; button_border_width__hover_enabled=&#8220;off&#8220; button_one_border_width__hover_enabled=&#8220;off&#8220; button_two_border_width__hover_enabled=&#8220;off&#8220; button_border_color__hover_enabled=&#8220;off&#8220; button_one_border_color__hover_enabled=&#8220;off&#8220; button_two_border_color__hover_enabled=&#8220;off&#8220; button_border_radius__hover_enabled=&#8220;off&#8220; button_one_border_radius__hover_enabled=&#8220;off&#8220; button_two_border_radius__hover_enabled=&#8220;off&#8220; button_letter_spacing__hover_enabled=&#8220;off&#8220; button_one_letter_spacing__hover_enabled=&#8220;off&#8220; button_two_letter_spacing__hover_enabled=&#8220;off&#8220; button_bg_color__hover_enabled=&#8220;off&#8220; button_one_bg_color__hover_enabled=&#8220;off&#8220; button_two_bg_color__hover_enabled=&#8220;off&#8220;]&nbsp;<br \/>\n[\/et_pb_button][\/et_pb_column][et_pb_column type=&#8220;1_2&#8243; _builder_version=&#8220;3.25&#8243; custom_padding=&#8220;|||&#8220; global_colors_info=&#8220;{}&#8220; custom_padding__hover=&#8220;|||&#8220;][\/et_pb_column][\/et_pb_row][\/et_pb_section][et_pb_section fb_built=&#8220;1&#8243; _builder_version=&#8220;3.22&#8243; background_position=&#8220;center_right&#8220; global_colors_info=&#8220;{}&#8220;][et_pb_row column_structure=&#8220;1_2,1_2&#8243; _builder_version=&#8220;3.25&#8243; background_size=&#8220;initial&#8220; background_position=&#8220;top_left&#8220; background_repeat=&#8220;repeat&#8220; global_colors_info=&#8220;{}&#8220;][et_pb_column type=&#8220;1_2&#8243; _builder_version=&#8220;3.25&#8243; custom_padding=&#8220;|||&#8220; global_colors_info=&#8220;{}&#8220; custom_padding__hover=&#8220;|||&#8220;][et_pb_image src=&#8220;https:\/\/www.sub-automotive.de\/wp-content\/uploads\/2018\/02\/Entwicklung_SB.jpg&#8220; alt=&#8220;Entwicklung von Werkzeugen f\u00fcr die Automobilindustrie bei S&#038;B&#8220; title_text=&#8220;Entwicklung_S&#038;B&#8220; align_tablet=&#8220;center&#8220; align_phone=&#8220;&#8220; align_last_edited=&#8220;on|desktop&#8220; _builder_version=&#8220;4.11.3&#8243; global_colors_info=&#8220;{}&#8220;]&nbsp;<br \/>\n[\/et_pb_image][\/et_pb_column][et_pb_column type=&#8220;1_2&#8243; _builder_version=&#8220;3.25&#8243; custom_padding=&#8220;|||&#8220; global_colors_info=&#8220;{}&#8220; custom_padding__hover=&#8220;|||&#8220;][et_pb_blurb title=&#8220;Hochwertige Anlagen f\u00fcr Ihren speziellen Bedarf.&#8220; _builder_version=&#8220;3.0.106&#8243; global_colors_info=&#8220;{}&#8220;]<\/p>\n<h2>Systematically excellent work.<\/h2>\n<p>It pays off to proceed according to plan \u2013 particularly for you. From the very first brainstorming to the final touch: Highly automated production lines for the complete Body in White manufacturing.<\/p>\n<p>When it comes to the individual steps of creating your Body in White line, we have a clear focus on top quality. Which is ensured by our highly-qualified team and the use of advanced systems. No more and no less.<br \/>\n[\/et_pb_blurb][\/et_pb_column][\/et_pb_row][\/et_pb_section][et_pb_section fb_built=&#8220;1&#8243; _builder_version=&#8220;3.22&#8243; background_color=&#8220;#3e474d&#8220; background_position=&#8220;center_right&#8220; global_colors_info=&#8220;{}&#8220;][et_pb_row column_structure=&#8220;1_2,1_2&#8243; _builder_version=&#8220;3.25&#8243; background_size=&#8220;initial&#8220; background_position=&#8220;top_left&#8220; background_repeat=&#8220;repeat&#8220; global_colors_info=&#8220;{}&#8220;][et_pb_column type=&#8220;1_2&#8243; _builder_version=&#8220;3.25&#8243; custom_padding=&#8220;|||&#8220; global_colors_info=&#8220;{}&#8220; custom_padding__hover=&#8220;|||&#8220;][et_pb_blurb _builder_version=&#8220;3.0.106&#8243; background_layout=&#8220;dark&#8220; global_colors_info=&#8220;{}&#8220;]<\/p>\n<h2>Quality \u2013 all-inclusive style.<\/h2>\n<p>In addition, where automation is concerned, we\u2019re a reliable contact in the area of special-purpose machinery engineering. We also supply various non-automotive industries with this type of engineering.<\/p>\n<p>And you can count on us when it comes to developing new requirements and processes, too: as far as new materials and technologies are concerned (such as CFRP or aluminium), we have a wealth of experience to draw upon.<br>\n\nWe use CATIA V5, the world\u2019s leading 3D CAD tool, for creating your concepts.<br \/>\n[\/et_pb_blurb][\/et_pb_column][et_pb_column type=&#8220;1_2&#8243; _builder_version=&#8220;3.25&#8243; custom_padding=&#8220;|||&#8220; global_colors_info=&#8220;{}&#8220; custom_padding__hover=&#8220;|||&#8220;][et_pb_toggle title=&#8220;UNSERE LEISTUNGEN IM DETAIL&#8220; open=&#8220;on&#8220; open_toggle_text_color=&#8220;#ffffff&#8220; open_toggle_background_color=&#8220;#3e474d&#8220; closed_toggle_text_color=&#8220;#ffffff&#8220; closed_toggle_background_color=&#8220;#3e474d&#8220; icon_color=&#8220;#f9dc06&#8243; _builder_version=&#8220;3.0.91&#8243; title_text_color=&#8220;#ffffff&#8220; body_text_color=&#8220;#ffffff&#8220; text_orientation=&#8220;left&#8220; global_colors_info=&#8220;{}&#8220;]<\/p>\n<ul class=\"arrow_list\">\n<li>Clamping and locating concepts<\/li>\n<li>Fixture design<\/li>\n<li>Handling devices<\/li>\n<li>Robot tools<\/li>\n<li>Joining technology tools<\/li>\n<li>Drive design<\/li>\n<li>Test and rework devices<\/li>\n<li>Specification drawings for purchase part procurement<\/li>\n<li>Validation of joining techniques<\/li>\n<li>Detailed drawings, ready to manufacture<\/li>\n<li>Hydraulic, pneumatic and cooling water plans\nBills of material<\/li>\n<li>Purchase and spare parts lists<\/li>\n<\/ul>\n<p>[\/et_pb_toggle][\/et_pb_column][\/et_pb_row][\/et_pb_section][et_pb_section fb_built=&#8220;1&#8243; _builder_version=&#8220;3.22&#8243; parallax=&#8220;on&#8220; global_colors_info=&#8220;{}&#8220;][et_pb_row column_structure=&#8220;1_2,1_2&#8243; _builder_version=&#8220;3.25&#8243; background_size=&#8220;initial&#8220; background_position=&#8220;top_left&#8220; background_repeat=&#8220;repeat&#8220; global_colors_info=&#8220;{}&#8220;][et_pb_column type=&#8220;1_2&#8243; _builder_version=&#8220;3.25&#8243; custom_padding=&#8220;|||&#8220; global_colors_info=&#8220;{}&#8220; custom_padding__hover=&#8220;|||&#8220;][et_pb_image src=&#8220;https:\/\/www.sub-automotive.de\/wp-content\/uploads\/2018\/04\/dokumentation_SB.jpg&#8220; align_tablet=&#8220;center&#8220; align_phone=&#8220;&#8220; align_last_edited=&#8220;on|desktop&#8220; _builder_version=&#8220;3.23&#8243; always_center_on_mobile=&#8220;on&#8220; global_colors_info=&#8220;{}&#8220;]&nbsp;<br \/>\n[\/et_pb_image][\/et_pb_column][et_pb_column type=&#8220;1_2&#8243; _builder_version=&#8220;3.25&#8243; custom_padding=&#8220;|||&#8220; global_colors_info=&#8220;{}&#8220; custom_padding__hover=&#8220;|||&#8220;][et_pb_blurb title=&#8220;Konstruktion mit detaillierter Dokumentation.&#8220; _builder_version=&#8220;3.0.91&#8243; global_colors_info=&#8220;{}&#8220;]<\/p>\n<h2>One-stop service: for your satisfaction.<\/h2>\n<p>Each step is accounted for: as we see it, a standardised documentation of procedures is an important part of our work on every project.<\/p>\n<p>It is therefore a matter of course that we comply with the entirety of current ISO (International Organization for Standardization) quality standard requirements.<br \/>\n[\/et_pb_blurb][\/et_pb_column][\/et_pb_row][\/et_pb_section][et_pb_section fb_built=&#8220;1&#8243; _builder_version=&#8220;3.22&#8243; background_color=&#8220;#3e474d&#8220; background_position=&#8220;center_right&#8220; global_colors_info=&#8220;{}&#8220;][et_pb_row column_structure=&#8220;1_2,1_2&#8243; _builder_version=&#8220;4.11.3&#8243; background_size=&#8220;initial&#8220; background_position=&#8220;top_left&#8220; background_repeat=&#8220;repeat&#8220; global_colors_info=&#8220;{}&#8220;][et_pb_column type=&#8220;1_2&#8243; _builder_version=&#8220;3.25&#8243; custom_padding=&#8220;|||&#8220; global_colors_info=&#8220;{}&#8220; custom_padding__hover=&#8220;|||&#8220;][et_pb_blurb _builder_version=&#8220;4.11.3&#8243; background_layout=&#8220;dark&#8220; global_colors_info=&#8220;{}&#8220;]<\/p>\n<h2>Details recording of procedures.<\/h2>\n<p>The CE documentation is a crucial part of our service and integrative project approach. In order to provide consistently high quality while keeping costs to a minimum, we circumvent time-intensive interfaces and avoid unnecessary steps. We believe that rapid processing and precise reporting are paramount along each step of the project.<\/p>\n<p>We offer an all-in-one solution. Our clients receive complete plant documentation according to their specifications and exactly when they need it.<\/p>\n<p>\u00a0The tools we construct are delivered to the site along with all the relevant documentation in time for the commissioning of the plant.<\/p>\n<p>&nbsp;<\/p>\n<p>&nbsp;<\/p>\n<p>[\/et_pb_blurb][\/et_pb_column][et_pb_column type=&#8220;1_2&#8243; _builder_version=&#8220;3.25&#8243; custom_padding=&#8220;|||&#8220; global_colors_info=&#8220;{}&#8220; custom_padding__hover=&#8220;|||&#8220;][et_pb_toggle title=&#8220;UNSERE LEISTUNGEN IM DETAIL&#8220; open=&#8220;on&#8220; open_toggle_text_color=&#8220;#ffffff&#8220; open_toggle_background_color=&#8220;#3e474d&#8220; closed_toggle_text_color=&#8220;#ffffff&#8220; closed_toggle_background_color=&#8220;#3e474d&#8220; icon_color=&#8220;#f9dc06&#8243; _builder_version=&#8220;3.0.91&#8243; title_text_color=&#8220;#ffffff&#8220; body_text_color=&#8220;#ffffff&#8220; text_orientation=&#8220;left&#8220; global_colors_info=&#8220;{}&#8220;]<\/p>\n<ul class=\"arrow_list\">\n<li>Product description<\/li>\n<li>CE-compliant user manual<\/li>\n<li>Risk analysis<\/li>\n<li>Process- and construction-FMEA<\/li>\n<li>Measurement and communication plan<\/li>\n<li>Installation and commissioning instructions<\/li>\n<li>Connection and process plan<\/li>\n<li>Purchase part and supplier documentation<\/li>\n<li>Media consumption calculation<\/li>\n<li>Tool and plant description<\/li>\n<li>Tool and station overview plan<\/li>\n<li>Operations flowchart and functional diagram<\/li>\n<li>Component change concepts<\/li>\n<li>On-site documentation of existing facilities<\/li>\n<\/ul>\n<p>[\/et_pb_toggle][\/et_pb_column][\/et_pb_row][\/et_pb_section][et_pb_section fb_built=&#8220;1&#8243; fullwidth=&#8220;on&#8220; _builder_version=&#8220;3.22&#8243; global_colors_info=&#8220;{}&#8220;][et_pb_fullwidth_image src=&#8220;http:\/\/go.sub-automotive.de\/wp-content\/uploads\/2017\/12\/PROJEKT.jpg&#8220; _builder_version=&#8220;3.0.91&#8243; global_colors_info=&#8220;{}&#8220;]&nbsp;<br \/>\n[\/et_pb_fullwidth_image][et_pb_fullwidth_header title=&#8220;Wir ziehen mit Ihnen an einem Strang.&#8220; text_orientation=&#8220;center&#8220; button_one_text=&#8220;Projekt Management professionell koordiniert&#8220; button_one_url=&#8220;http:\/\/sub-automotive.de\/projekt-management&#8220; _builder_version=&#8220;3.16&#8243; background_color=&#8220;rgba(255, 255, 255, 0)&#8220; background_layout=&#8220;light&#8220; global_colors_info=&#8220;{}&#8220; button_one_text_size__hover_enabled=&#8220;off&#8220; button_two_text_size__hover_enabled=&#8220;off&#8220; button_one_text_color__hover_enabled=&#8220;off&#8220; button_two_text_color__hover_enabled=&#8220;off&#8220; button_one_border_width__hover_enabled=&#8220;off&#8220; button_two_border_width__hover_enabled=&#8220;off&#8220; button_one_border_color__hover_enabled=&#8220;off&#8220; button_two_border_color__hover_enabled=&#8220;off&#8220; button_one_border_radius__hover_enabled=&#8220;off&#8220; button_two_border_radius__hover_enabled=&#8220;off&#8220; button_one_letter_spacing__hover_enabled=&#8220;off&#8220; button_two_letter_spacing__hover_enabled=&#8220;off&#8220; button_one_bg_color__hover_enabled=&#8220;off&#8220; button_two_bg_color__hover_enabled=&#8220;off&#8220;]Unabh\u00e4ngig von der Gr\u00f6\u00dfe eines Projekts, schaffen wir die Basis f\u00fcr eine erfolgreiche Zusammenarbeit \u2013 intern und extern.<\/p>\n<p>A smooth and transparent ECM-based project organisation paves the way to top efficiency.<br \/>\nBecause satisfying our clients is our number one goal.<\/p>\n<p><strong>Whether big or small.<\/strong><br \/>\n[\/et_pb_fullwidth_header][\/et_pb_section]<\/p>","protected":false},"excerpt":{"rendered":"<p>Premium-Fahrzeugbau von morgen &#8211; solide konstruiert. Rund um den Globus f\u00fcr Sie im Einsatz: Als weltweiter Engineering-Partner der Automobilindustrie und deren Zulieferer d\u00fcrfen Sie von uns pr\u00e4zise &#8222;German Engineering Quality&#8220; erwarten. Wir konstruieren Schwei\u00dfanlagen f\u00fcr den weltweiten Karosseriebau. &nbsp; &nbsp; Unsere Arbeitsweise hat System. Vorgehen nach Plan zahlt sich aus \u2013 besonders f\u00fcr Sie: Wir [&hellip;]<\/p>","protected":false},"author":1,"featured_media":0,"parent":0,"menu_order":0,"comment_status":"closed","ping_status":"closed","template":"","meta":{"_et_pb_use_builder":"on","_et_pb_old_content":"","_et_gb_content_width":"","footnotes":""},"class_list":["post-1108","page","type-page","status-publish","hentry"],"_links":{"self":[{"href":"https:\/\/www.sub-automotive.de\/en\/wp-json\/wp\/v2\/pages\/1108","targetHints":{"allow":["GET"]}}],"collection":[{"href":"https:\/\/www.sub-automotive.de\/en\/wp-json\/wp\/v2\/pages"}],"about":[{"href":"https:\/\/www.sub-automotive.de\/en\/wp-json\/wp\/v2\/types\/page"}],"author":[{"embeddable":true,"href":"https:\/\/www.sub-automotive.de\/en\/wp-json\/wp\/v2\/users\/1"}],"replies":[{"embeddable":true,"href":"https:\/\/www.sub-automotive.de\/en\/wp-json\/wp\/v2\/comments?post=1108"}],"version-history":[{"count":0,"href":"https:\/\/www.sub-automotive.de\/en\/wp-json\/wp\/v2\/pages\/1108\/revisions"}],"wp:attachment":[{"href":"https:\/\/www.sub-automotive.de\/en\/wp-json\/wp\/v2\/media?parent=1108"}],"curies":[{"name":"wp","href":"https:\/\/api.w.org\/{rel}","templated":true}]}}