{"id":1098,"date":"2018-02-16T09:35:28","date_gmt":"2018-02-16T09:35:28","guid":{"rendered":"http:\/\/go.sub-automotive.de\/?page_id=1098"},"modified":"2022-06-24T08:38:18","modified_gmt":"2022-06-24T08:38:18","slug":"planung","status":"publish","type":"page","link":"https:\/\/www.sub-automotive.de\/en\/planung","title":{"rendered":"PLANNING"},"content":{"rendered":"<p>[et_pb_section fb_built=&#8220;1&#8243; _builder_version=&#8220;4.11.3&#8243; background_image=&#8220;https:\/\/www.sub-automotive.de\/wp-content\/uploads\/2018\/03\/SB_Planung.jpg&#8220; background_position=&#8220;center_right&#8220; global_colors_info=&#8220;{}&#8220;][et_pb_row column_structure=&#8220;1_2,1_2&#8243; _builder_version=&#8220;3.25&#8243; background_size=&#8220;initial&#8220; background_position=&#8220;top_left&#8220; background_repeat=&#8220;repeat&#8220; global_colors_info=&#8220;{}&#8220;][et_pb_column type=&#8220;1_2&#8243; _builder_version=&#8220;3.25&#8243; custom_padding=&#8220;|||&#8220; global_colors_info=&#8220;{}&#8220; custom_padding__hover=&#8220;|||&#8220;][\/et_pb_column][et_pb_column type=&#8220;1_2&#8243; _builder_version=&#8220;3.25&#8243; custom_padding=&#8220;|||&#8220; global_colors_info=&#8220;{}&#8220; custom_padding__hover=&#8220;|||&#8220;][et_pb_blurb _builder_version=&#8220;3.0.91&#8243; global_colors_info=&#8220;{}&#8220;]<\/p>\n<h1>We\u00b4re driven by a love for detail.<\/h1>\n<p>For something truly great to develop, you have to get the details right. That\u2019s our motto for planning and designing highly automated welding lines for the Body in White production in the automotive industry.<\/p>\n<p>Our clients appreciate the ingenuity and enthusiasm of our approach to the development of custom-made manufacturing concepts for complex production plants. With us as a partner, you\u2019ll have advantages both in cost and competition, since you\u2019ll benefit from a smooth execution of your project throughout each and every phase.<\/p>\n<p>It\u2019s `German planning\u00b4down to the last detail \u2013 and from day one. As esteemed consultants, we solve even highly complex tasks and happily take on each new challenge.<br \/>\n[\/et_pb_blurb][et_pb_button button_url=&#8220;http:\/\/sub-automotive.de\/konstruktion&#8220; url_new_window=&#8220;on&#8220; button_text=&#8220;Premium-Fahrzeugbau von morgen &#8211; solide konstruiert&#8220; button_alignment=&#8220;left&#8220; _builder_version=&#8220;3.16&#8243; custom_button=&#8220;on&#8220; button_text_size=&#8220;23px&#8220; button_border_width=&#8220;1px&#8220; button_font=&#8220;|600|||||||&#8220; button_icon=&#8220;%%28%%&#8220; global_colors_info=&#8220;{}&#8220; button_text_size__hover_enabled=&#8220;off&#8220; button_one_text_size__hover_enabled=&#8220;off&#8220; button_two_text_size__hover_enabled=&#8220;off&#8220; button_text_color__hover_enabled=&#8220;off&#8220; button_one_text_color__hover_enabled=&#8220;off&#8220; button_two_text_color__hover_enabled=&#8220;off&#8220; button_border_width__hover_enabled=&#8220;off&#8220; button_one_border_width__hover_enabled=&#8220;off&#8220; button_two_border_width__hover_enabled=&#8220;off&#8220; button_border_color__hover_enabled=&#8220;off&#8220; button_one_border_color__hover_enabled=&#8220;off&#8220; button_two_border_color__hover_enabled=&#8220;off&#8220; button_border_radius__hover_enabled=&#8220;off&#8220; button_one_border_radius__hover_enabled=&#8220;off&#8220; button_two_border_radius__hover_enabled=&#8220;off&#8220; button_letter_spacing__hover_enabled=&#8220;off&#8220; button_one_letter_spacing__hover_enabled=&#8220;off&#8220; button_two_letter_spacing__hover_enabled=&#8220;off&#8220; button_bg_color__hover_enabled=&#8220;off&#8220; button_one_bg_color__hover_enabled=&#8220;off&#8220; button_two_bg_color__hover_enabled=&#8220;off&#8220;][\/et_pb_button][\/et_pb_column][\/et_pb_row][\/et_pb_section][et_pb_section fb_built=&#8220;1&#8243; _builder_version=&#8220;3.22&#8243; background_color=&#8220;#000000&#8243; background_position=&#8220;center_right&#8220; global_colors_info=&#8220;{}&#8220;][et_pb_row column_structure=&#8220;1_2,1_2&#8243; _builder_version=&#8220;3.25&#8243; background_size=&#8220;initial&#8220; background_position=&#8220;top_left&#8220; background_repeat=&#8220;repeat&#8220; global_colors_info=&#8220;{}&#8220;][et_pb_column type=&#8220;1_2&#8243; _builder_version=&#8220;3.25&#8243; custom_padding=&#8220;|||&#8220; global_colors_info=&#8220;{}&#8220; custom_padding__hover=&#8220;|||&#8220;][et_pb_blurb title=&#8220;Durch den richtigen Ansatz ohne Umwege zum Ziel.&#8220; _builder_version=&#8220;3.0.91&#8243; background_layout=&#8220;dark&#8220; global_colors_info=&#8220;{}&#8220;]<\/p>\n<h2>High-capacity production plants \u2013 efficiently planned.<\/h2>\n<p>We know you\u00b4re under cost pressure. And we know what\u2019s on your agenda:<\/p>\n<ul>\n<li>Future-oriented topics<\/li>\n<li>Integration projects<\/li>\n<li>New plants or \u201ere-use\u201c plants<\/li>\n<li>Adaptable production methods<\/li>\n<li>Innovative materials (CFRP)<\/li>\n<\/ul>\n<p>This is why we always focus on solution-oriented thinking, allowing for a tight operational sequence in the development of your plants.<br \/>\n[\/et_pb_blurb][\/et_pb_column][et_pb_column type=&#8220;1_2&#8243; _builder_version=&#8220;3.25&#8243; custom_padding=&#8220;|||&#8220; global_colors_info=&#8220;{}&#8220; custom_padding__hover=&#8220;|||&#8220;][et_pb_image src=&#8220;http:\/\/go.sub-automotive.de\/wp-content\/uploads\/2018\/02\/konzept_entwicklung1.jpg&#8220; align_tablet=&#8220;center&#8220; align_phone=&#8220;&#8220; align_last_edited=&#8220;on|desktop&#8220; _builder_version=&#8220;3.23&#8243; global_colors_info=&#8220;{}&#8220;][\/et_pb_image][\/et_pb_column][\/et_pb_row][\/et_pb_section][et_pb_section fb_built=&#8220;1&#8243; _builder_version=&#8220;3.22&#8243; background_position=&#8220;center_right&#8220; global_colors_info=&#8220;{}&#8220;][et_pb_row column_structure=&#8220;1_2,1_2&#8243; _builder_version=&#8220;3.25&#8243; background_size=&#8220;initial&#8220; background_position=&#8220;top_left&#8220; background_repeat=&#8220;repeat&#8220; global_colors_info=&#8220;{}&#8220;][et_pb_column type=&#8220;1_2&#8243; _builder_version=&#8220;3.25&#8243; custom_padding=&#8220;|||&#8220; global_colors_info=&#8220;{}&#8220; custom_padding__hover=&#8220;|||&#8220;][et_pb_blurb _builder_version=&#8220;3.0.91&#8243; global_colors_info=&#8220;{}&#8220;]<\/p>\n<h3><strong>Human ingenuity and cutting-edge technology.<\/strong><\/h3>\n<p>Our engineering firm is known for being a competent and unconventional \u201csolution finder\u201d for future-oriented manufacturing concepts. There\u2019s a reason why we can boast so many years of experience in handling challenging projects and satisfying quality-conscious clients.<\/p>\n<p>In order to comply with all of a project\u2019s objectives and performance data, our planning is critically tested by means of modern, \u201cdigital factory\u201d CAE methods.<\/p>\n<p>It is our ambition to optimise your production lines in all aspects of technical, economic and logistical requirements. To this end, we compare different solution scenarios while keeping our sights set on all the relevant details.<br \/>\n[\/et_pb_blurb][\/et_pb_column][et_pb_column type=&#8220;1_2&#8243; _builder_version=&#8220;3.25&#8243; custom_padding=&#8220;|||&#8220; global_colors_info=&#8220;{}&#8220; custom_padding__hover=&#8220;|||&#8220;][et_pb_blurb _builder_version=&#8220;3.0.91&#8243; global_colors_info=&#8220;{}&#8220;]<\/p>\n<h3><strong>Future-oriented manufacturing concepts.<\/strong><\/h3>\n<p>Our engineering firm is known for being a competent and unconventional \u201csolution finder\u201d for future-oriented manufacturing concepts.<\/p>\n<p>There\u2019s a reason why we can boast so many years of experience in handling challenging projects and satisfying quality-conscious clients.<br \/>\n[\/et_pb_blurb][et_pb_toggle title=&#8220;UNSERE LEISTUNGEN IM DETAIL&#8220; open_toggle_text_color=&#8220;#3e474d&#8220; closed_toggle_text_color=&#8220;#3e474d&#8220; icon_color=&#8220;#f9dc06&#8243; _builder_version=&#8220;3.0.91&#8243; title_text_color=&#8220;#3e474d&#8220; body_text_color=&#8220;#3e474d&#8220; text_orientation=&#8220;left&#8220; global_colors_info=&#8220;{}&#8220;]<\/p>\n<ul class=\"arrow_list\">\n<li>Concept development<\/li>\n<li>Production optimisation<\/li>\n<li>Feasibility studies<\/li>\n<li>Integration solutions<\/li>\n<li>Concept comparison<\/li>\n<li>Process simulation<\/li>\n<li>Cycle time studies<\/li>\n<li>Logistics requirements<\/li>\n<li>Purchase part assessment and comparison<\/li>\n<li>Creation of planning documentation<\/li>\n<li>Creation of tender documents<\/li>\n<li>On-site analysis of production<\/li>\n<\/ul>\n<p>[\/et_pb_toggle][\/et_pb_column][\/et_pb_row][\/et_pb_section][et_pb_section fb_built=&#8220;1&#8243; _builder_version=&#8220;3.22&#8243; background_color=&#8220;#3e474d&#8220; parallax=&#8220;on&#8220; global_colors_info=&#8220;{}&#8220;][et_pb_row column_structure=&#8220;1_2,1_2&#8243; _builder_version=&#8220;3.25&#8243; background_size=&#8220;initial&#8220; background_position=&#8220;top_left&#8220; background_repeat=&#8220;repeat&#8220; global_colors_info=&#8220;{}&#8220;][et_pb_column type=&#8220;1_2&#8243; _builder_version=&#8220;3.25&#8243; custom_padding=&#8220;|||&#8220; global_colors_info=&#8220;{}&#8220; custom_padding__hover=&#8220;|||&#8220;][et_pb_image src=&#8220;http:\/\/go.sub-automotive.de\/wp-content\/uploads\/2018\/02\/SimultaneousEngineering_SB.jpg&#8220; align_tablet=&#8220;center&#8220; align_phone=&#8220;&#8220; align_last_edited=&#8220;on|desktop&#8220; _builder_version=&#8220;3.23&#8243; global_colors_info=&#8220;{}&#8220;][\/et_pb_image][\/et_pb_column][et_pb_column type=&#8220;1_2&#8243; _builder_version=&#8220;3.25&#8243; custom_padding=&#8220;|||&#8220; global_colors_info=&#8220;{}&#8220; custom_padding__hover=&#8220;|||&#8220;][et_pb_blurb title=&#8220;So arbeiten starke Engineering-Partner heute.&#8220; _builder_version=&#8220;3.0.91&#8243; background_layout=&#8220;dark&#8220; global_colors_info=&#8220;{}&#8220;]<\/p>\n<h2>A perfect start thanks to detailed virtual planning.<\/h2>\n<p>From day one, we provide support for simultaneous engineering (SE) process thanks to our experienced, networked view of your product and its production.<\/p>\n<p>This enables us to considerably speed up the development time of your project while guaranteeing a manageable time line until your plant can reliably be put into operation. All of this is made possible by our integrated, multidisciplinary approach.<br \/>\n[\/et_pb_blurb][\/et_pb_column][\/et_pb_row][\/et_pb_section][et_pb_section fb_built=&#8220;1&#8243; _builder_version=&#8220;3.22&#8243; background_position=&#8220;center_right&#8220; global_colors_info=&#8220;{}&#8220;][et_pb_row column_structure=&#8220;1_2,1_2&#8243; _builder_version=&#8220;3.25&#8243; background_size=&#8220;initial&#8220; background_position=&#8220;top_left&#8220; background_repeat=&#8220;repeat&#8220; global_colors_info=&#8220;{}&#8220;][et_pb_column type=&#8220;1_2&#8243; _builder_version=&#8220;3.25&#8243; custom_padding=&#8220;|||&#8220; global_colors_info=&#8220;{}&#8220; custom_padding__hover=&#8220;|||&#8220;][et_pb_blurb _builder_version=&#8220;3.0.91&#8243; global_colors_info=&#8220;{}&#8220;]<\/p>\n<h3><strong>Our developments are for your future.<\/strong><\/h3>\n<p>Even as early as the initial planning stage, we\u2019re able to show you realistic methods for resolving the optimisation of your line\u2019s manufacturing technology. Where lies the potential for cost saving? Is the facility ideally designed from an ergonomic point of view? Are all relevant areas easily accessible?<\/p>\n<p>Do all areas seamlessly co-operate? Is the production concept of your plant still up to date? Our combined expertise enables us to answer any remaining questions while aiding the planning process with precise simulations.<br \/>\n[\/et_pb_blurb][\/et_pb_column][et_pb_column type=&#8220;1_2&#8243; _builder_version=&#8220;3.25&#8243; custom_padding=&#8220;|||&#8220; global_colors_info=&#8220;{}&#8220; custom_padding__hover=&#8220;|||&#8220;][et_pb_blurb _builder_version=&#8220;3.0.91&#8243; global_colors_info=&#8220;{}&#8220;]<\/p>\n<h3><strong>Digitalised prozesses for improved manufacturing.<\/strong><\/h3>\n<p>We put together the integrated workflows in a \u201cdigital world\u201d so that everything can be fully tested in advance. As part of this process, we use state-of-the-art 3D systems (CATIA, Process-Designer, Process-Simulate, Micro Station) to ensure the lossless networking of all involved parties.<\/p>\n<p>Whis ist why we\u2019re fully prepared to take on any new challenge.<br \/>\n[\/et_pb_blurb][et_pb_toggle title=&#8220;UNSERE LEISTUNGEN IM DETAIL&#8220; open_toggle_text_color=&#8220;#3e474d&#8220; closed_toggle_text_color=&#8220;#3e474d&#8220; icon_color=&#8220;#f9dc06&#8243; _builder_version=&#8220;3.0.91&#8243; title_text_color=&#8220;#3e474d&#8220; body_text_color=&#8220;#3e474d&#8220; text_orientation=&#8220;left&#8220; global_colors_info=&#8220;{}&#8220;]<\/p>\n<ul class=\"arrow_list\">\n<li>Feasibility analyses<\/li>\n<li>Product audit for manufacturing technology<\/li>\n<li>Preliminary studies in manufacturing technology (Pre-engineering)<\/li>\n<li>Process monitoring<\/li>\n<li>Verification of planning and process<\/li>\n<li>Tool concepts<\/li>\n<li>Planning- \/ process validation<\/li>\n<li>Virtualisation of production facilities<\/li>\n<li>Checking connection data<\/li>\n<li>Review of joining technologies<\/li>\n<li>Virtualisation of production facilities<\/li>\n<li>Reduction of variants<\/li>\n<li>Establishing cost-saving potentials<\/li>\n<li>Optimisation potentials<\/li>\n<li>Production process validation<\/li>\n<li>Layout verification and optimisation<\/li>\n<li>Accessibility tests<\/li>\n<li>Cycle time analyses<\/li>\n<li>MTM time analyses (operators)<\/li>\n<\/ul>\n<p>[\/et_pb_toggle][\/et_pb_column][\/et_pb_row][\/et_pb_section][et_pb_section fb_built=&#8220;1&#8243; fullwidth=&#8220;on&#8220; _builder_version=&#8220;3.22&#8243; global_colors_info=&#8220;{}&#8220;][et_pb_fullwidth_image src=&#8220;http:\/\/go.sub-automotive.de\/wp-content\/uploads\/2017\/12\/PROJEKT.jpg&#8220; _builder_version=&#8220;3.0.91&#8243; global_colors_info=&#8220;{}&#8220;][\/et_pb_fullwidth_image][et_pb_fullwidth_header title=&#8220;Wir ziehen mit Ihnen an einem Strang.&#8220; text_orientation=&#8220;center&#8220; button_one_text=&#8220;Projekt Management professionell koordiniert&#8220; button_one_url=&#8220;http:\/\/sub-automotive.de\/projekt-management&#8220; _builder_version=&#8220;4.11.3&#8243; background_color=&#8220;rgba(255, 255, 255, 0)&#8220; background_layout=&#8220;light&#8220; hover_enabled=&#8220;0&#8243; global_colors_info=&#8220;{}&#8220; button_one_text_size__hover_enabled=&#8220;off&#8220; button_two_text_size__hover_enabled=&#8220;off&#8220; button_one_text_color__hover_enabled=&#8220;off&#8220; button_two_text_color__hover_enabled=&#8220;off&#8220; button_one_border_width__hover_enabled=&#8220;off&#8220; button_two_border_width__hover_enabled=&#8220;off&#8220; button_one_border_color__hover_enabled=&#8220;off&#8220; button_two_border_color__hover_enabled=&#8220;off&#8220; button_one_border_radius__hover_enabled=&#8220;off&#8220; button_two_border_radius__hover_enabled=&#8220;off&#8220; button_one_letter_spacing__hover_enabled=&#8220;off&#8220; button_two_letter_spacing__hover_enabled=&#8220;off&#8220; button_one_bg_color__hover_enabled=&#8220;off&#8220; button_two_bg_color__hover_enabled=&#8220;off&#8220; sticky_enabled=&#8220;0&#8243;]<\/p>\n<p class=\"translation-block\">No matter the size of a project, we create the basis for a successful co-operation,\nboth internal and external.<\/p>\n<p class=\"translation-block\">A smooth and transparent ECM-based project organisation paves the way to top efficiency.\n<br>Because satisfying our clients is our number one goal.<\/p>\n<p><strong>Whether big or small.<\/strong><\/p>\n<p>[\/et_pb_fullwidth_header][\/et_pb_section]<\/p>","protected":false},"excerpt":{"rendered":"<p>Freude am Detail treibt uns an. Erst wenn die Details stimmen, kann etwas Gro\u00dfes entstehen! Nach diesem Motto planen und konstruieren wir hochautomatisierte Produktionsanlagen f\u00fcr den Karosseriebau der Automobilindustrie. Kunden sch\u00e4tzen unseren scharfsinnigen und enthusiastischen Ansatz, wenn wir ma\u00dfgeschneiderte Fertigungskonzepte f\u00fcr komplexe Produktionsanlagen entwickeln. Mit uns als Partner sichern Sie sich Kosten- und Wettbewerbsvorteile, denn [&hellip;]<\/p>","protected":false},"author":1,"featured_media":0,"parent":0,"menu_order":0,"comment_status":"closed","ping_status":"closed","template":"","meta":{"_et_pb_use_builder":"on","_et_pb_old_content":"","_et_gb_content_width":"","footnotes":""},"class_list":["post-1098","page","type-page","status-publish","hentry"],"_links":{"self":[{"href":"https:\/\/www.sub-automotive.de\/en\/wp-json\/wp\/v2\/pages\/1098","targetHints":{"allow":["GET"]}}],"collection":[{"href":"https:\/\/www.sub-automotive.de\/en\/wp-json\/wp\/v2\/pages"}],"about":[{"href":"https:\/\/www.sub-automotive.de\/en\/wp-json\/wp\/v2\/types\/page"}],"author":[{"embeddable":true,"href":"https:\/\/www.sub-automotive.de\/en\/wp-json\/wp\/v2\/users\/1"}],"replies":[{"embeddable":true,"href":"https:\/\/www.sub-automotive.de\/en\/wp-json\/wp\/v2\/comments?post=1098"}],"version-history":[{"count":0,"href":"https:\/\/www.sub-automotive.de\/en\/wp-json\/wp\/v2\/pages\/1098\/revisions"}],"wp:attachment":[{"href":"https:\/\/www.sub-automotive.de\/en\/wp-json\/wp\/v2\/media?parent=1098"}],"curies":[{"name":"wp","href":"https:\/\/api.w.org\/{rel}","templated":true}]}}